{"id":31717,"date":"2021-08-02T11:11:24","date_gmt":"2021-08-02T09:11:24","guid":{"rendered":"https:\/\/dolphinlagoon.ch\/flugtickets-und-reiseformalitaeten\/"},"modified":"2024-09-17T18:00:40","modified_gmt":"2024-09-17T16:00:40","slug":"flugtickets-und-reiseformalitaeten","status":"publish","type":"page","link":"https:\/\/dolphinlagoon.ch\/de\/flugtickets-und-reiseformalitaeten\/","title":{"rendered":"Flugtickets und Reiseformalit\u00e4ten"},"content":{"rendered":"\n<p>Auf dieser Seite :<\/p>\n\n<ul class=\"wp-block-list\">\n<li>Reisepass<\/li>\n\n\n\n<li>Visa<\/li>\n\n\n\n<li>Sanit\u00e4r &amp; Info Covid<\/li>\n\n\n\n<li>Flugtickets<\/li>\n\n\n\n<li>Teilnahmebedingungen<\/li>\n\n\n\n<li>Zus\u00e4tzliche Kosten<\/li>\n\n\n\n<li>Obligatorische Versicherungen<\/li>\n\n\n\n<li>Ihre Reise zum Schiff<\/li>\n\n\n\n<li>Vollpension<\/li>\n<\/ul>\n\n<h3 class=\"wp-block-heading\">Reisepass<\/h3>\n\n<p>&#8211; F\u00fcr Schweizer ist ein Reisepass erforderlich, der noch 6 Monate \u00fcber das R\u00fcckreisedatum hinaus g\u00fcltig ist<br\/>&#8211; F\u00fcr Franzosen und Belgier gen\u00fcgt ein Personalausweis, der noch 6 Monate \u00fcber das R\u00fcckreisedatum hinaus g\u00fcltig ist, sowie 2 Passfotos.<\/p>\n\n<h3 class=\"wp-block-heading\">Visa<\/h3>\n\n<p>Bei Ihrer Einreise nach \u00c4gypten m\u00fcssen Sie am Flughafenschalter ein Visum f\u00fcr 25 Euro kaufen.\nDies ist einfach, es handelt sich um eine Art Einreisestempel, den wir in den Reisepass kleben. <\/p>\n\n<h3 class=\"wp-block-heading\">Sanit\u00e4r &amp; Covid-Info<\/h3>\n\n<p>Keine Impfungen erforderlich<\/p>\n\n<p><a href=\"https:\/\/dolphinlagoon.ch\/informations-covid-19\/\" type=\"page\" id=\"29082\"><\/a><a href=\"https:\/\/dolphinlagoon.ch\/informations-covid-19\/\">Covid-Informationen<\/a><\/p>\n\n<h3 class=\"wp-block-heading\">Flugtickets<\/h3>\n\n<p>Damit wir die Kreuzfahrt best\u00e4tigen k\u00f6nnen, m\u00fcssen wir eine Mindestteilnehmerzahl haben.\nWir werden Sie umgehend informieren, wenn die Kreuzfahrt best\u00e4tigt werden kann und Sie k\u00f6nnen dann mit dem Kauf Ihrer Flugtickets fortfahren.\nIch werde Ihnen dann meine Vorschl\u00e4ge und Ratschl\u00e4ge f\u00fcr die besten Flugpl\u00e4ne mitteilen.\nAlle Informationen, die Ihnen beim Kauf von Flugtickets helfen, finden Sie unter dem folgenden Link: <a href=\"https:\/\/dolphinlagoon.ch\/conseils-billets-davion-et-voyage\/\" target=\"_blank\" rel=\"noreferrer noopener\">Flugticket- und Reisetipps<\/a>.   <\/p>\n\n<p>Sie k\u00f6nnen auch die Website <a href=\"http:\/\/www.skyscanner.com\/\" target=\"_blank\" rel=\"noreferrer noopener\">www.skyscanner.com<\/a> besuchen, um Ihre Suche zu erleichtern.<\/p>\n\n<p>Wenn Sie Schwierigkeiten beim Kauf von Flugtickets haben, kann ich Ihnen gerne helfen.<\/p>\n\n<p>Sie k\u00f6nnen sich auch an unser <strong>Partner-Reiseb\u00fcro<\/strong> wenden, das Ihnen gerne die derzeit besten Flugarrangements anbieten kann.\nSie stehen Ihnen auch gerne zur Verf\u00fcgung, um mit Ihnen einen Aufenthalt oder einen Besuch in \u00c4gypten vor oder nach Ihrer Kreuzfahrt zu organisieren: <\/p>\n\n<p>Didier Charmillot<br\/>Reiseexperte<br\/>Kuoni Voyages SA<br\/>Rue du Lac 18 &#8211; 1400 Yverdon-les-Bains<br\/>T +41 58 702 60 30 <br\/>didier.charmillot@kuoni-voyages.ch &#8211; www.kuoni.ch<\/p>\n\n<h3 class=\"wp-block-heading\">Teilnahmebedingungen<\/h3>\n\n<p>&#8211; Das Mindestalter f\u00fcr die Teilnahme an diesem Urlaub betr\u00e4gt 7 Jahre, Kinder, die schwimmen k\u00f6nnen, in Begleitung eines gesetzlichen Vertreters f\u00fcr Minderj\u00e4hrige.\nKinder, die an der Kreuzfahrt teilnehmen, stehen unter der vollen Verantwortung ihrer Eltern und k\u00f6nnen unter keinen Umst\u00e4nden der Aufsicht der Crew oder unserer Betreuer w\u00e4hrend eines Schnorchelausflugs oder der begleitenden Erwachsenen anvertraut werden. <\/p>\n\n<p>&#8211; Alle Teilnehmer m\u00fcssen bei guter Gesundheit sein, schwimmen k\u00f6nnen und f\u00fcr das Schwimmen im Meer geeignet sein.\nWenn dies nicht der Fall ist, wird ein \u00e4rztliches Attest verlangt, das die Teilnahme an diesem Urlaub erlaubt. <\/p>\n\n<p>&#8211; Behinderte oder pflegebed\u00fcrftige Personen m\u00fcssen von einem Betreuer begleitet werden.\nDieser kann je nach Grad der Selbst\u00e4ndigkeit mehrere Teilnehmer begleiten. <\/p>\n\n<p>Personen mit unsicheren Schwimmf\u00e4higkeiten werden gebeten, eine Schwimmweste zu tragen, die das Schiff zur Verf\u00fcgung stellt.<\/p>\n\n<h3 class=\"wp-block-heading\">Zus\u00e4tzliche Kosten<\/h3>\n\n<p>Zus\u00e4tzlich zu Ihrer Kreuzfahrt und Ihren Fl\u00fcgen sollten Sie :<\/p>\n\n<p>&#8211; 25 Euro f\u00fcr das Visum f\u00fcr die Einreise nach \u00c4gypten<\/p>\n\n<p>&#8211; Ca. 50 Euro als Trinkgeld f\u00fcr die Besatzung am Ende der Kreuzfahrt.\nDieses Trinkgeld ist nicht obligatorisch, aber es ist auf Kreuzfahrten \u00fcblich.\nDie Besatzung bem\u00fcht sich w\u00e4hrend der gesamten Kreuzfahrt, Ihnen einen wunderbaren Aufenthalt zu erm\u00f6glichen und das Trinkgeld ist sehr willkommen, insbesondere um ihr sehr geringes Einkommen aufzubessern.  <\/p>\n\n<p>&#8211; 100 Euro f\u00fcr Ihre eventuellen Ausgaben wie Schnuppertauchen, Transfers, Souvenirs und andere Ausgaben.<\/p>\n\n<h3 class=\"wp-block-heading\">Obligatorische Versicherungen<\/h3>\n\n<p>Jeder Teilnehmer muss sich vor der Abreise vergewissern, dass er \u00fcber eine Assistance-\/R\u00fcckf\u00fchrungs- und Unfallversicherung verf\u00fcgt.<\/p>\n\n<p>Sie k\u00f6nnen z.B. bei der EUROP\u00c4ISCHEN eine Deckung f\u00fcr 1 Monat f\u00fcr ca. 60.000 Euro erhalten.\n60.-<br\/>Achten Sie darauf, die Reiser\u00fccktrittsversicherung rechtzeitig abzuschlie\u00dfen, damit der Versicherungsschutz f\u00fcr Ihre Kreuzfahrt und Ihre Flugtickets gilt. <\/p>\n\n<p><a rel=\"noreferrer noopener\" href=\"https:\/\/www.erv.ch\/ch\/site\/fr\/home.html\" target=\"_blank\">Single Trip &#8211; Reiseversicherung<\/a><\/p>\n\n<h3 class=\"wp-block-heading\">Ihre Reise zum Schiff (Flug und Transfer)<\/h3>\n\n<p>Im Flugzeug oder am Ankunftsflughafen finden Sie ein kleines Formular f\u00fcr die Einreise nach \u00c4gypten, auf dem Sie Ihren Namen und Ihre Passnummer eintragen m\u00fcssen.\nDieses Formular m\u00fcssen Sie bei der Zollkontrolle unter Vorlage Ihres Passes und Ihres Visums abgeben.\nDas Visum wird bei der Einreise nach \u00c4gypten am Schalter des Flughafens f\u00fcr 25 Euro gekauft.\nEs handelt sich um eine Art Einreisestempel, den wir in den Pass einkleben.   <\/p>\n\n<p>Nachdem Sie den Zoll passiert haben, holen Sie Ihr Gep\u00e4ck ab und begeben sich zum Transferbus.\nEin deutlich gekennzeichneter Dolphin Lagoon Guide wird Sie zum Transferbus einladen. <\/p>\n\n<p>Ich m\u00f6chte darauf hinweisen, dass die Einreiseformalit\u00e4ten wirklich einfach sind und v\u00f6llig entspannt ablaufen.\nDie \u00e4gyptischen Flugh\u00e4fen haben echte Fortschritte gemacht, damit sich Urlauber, die \u00c4gypten besuchen, wohl f\u00fchlen und gut empfangen werden. <\/p>\n\n<h3 class=\"wp-block-heading\">Vollpension<\/h3>\n\n<p>Die Kreuzfahrten werden mit Vollpension angeboten.\nDies beinhaltet alkoholfreie Getr\u00e4nke und die drei t\u00e4glichen Mahlzeiten.\nWer m\u00f6chte, kann eine Flasche Alkohol in einem Duty-Free-Shop am Abflughafen kaufen.\nDies erm\u00f6glicht in der Regel einen gem\u00fctlichen Aperitif am Ende des Tages.   <\/p>\n\n<p>Der Transfer zwischen dem Flughafen und dem Schiff ist nicht in der Vollpension enthalten.\nDiejenigen, die mit einem Flug von Hurghada zur\u00fcckfliegen, sollten ein paar Euro f\u00fcr eine Essenspause auf dem Weg einplanen. <\/p>\n","protected":false},"excerpt":{"rendered":"<p>Auf dieser Seite : Reisepass &#8211; F\u00fcr Schweizer ist ein Reisepass erforderlich, der noch 6 Monate \u00fcber das R\u00fcckreisedatum hinaus g\u00fcltig ist&#8211; F\u00fcr Franzosen und Belgier gen\u00fcgt ein Personalausweis, der noch 6 Monate \u00fcber das R\u00fcckreisedatum hinaus g\u00fcltig ist, sowie 2 Passfotos. Visa Bei Ihrer Einreise nach \u00c4gypten m\u00fcssen Sie am Flughafenschalter ein Visum f\u00fcr [&hellip;]<\/p>\n","protected":false},"author":1,"featured_media":0,"parent":0,"menu_order":0,"comment_status":"closed","ping_status":"closed","template":"","meta":{"_monsterinsights_skip_tracking":false,"_monsterinsights_sitenote_active":false,"_monsterinsights_sitenote_note":"","_monsterinsights_sitenote_category":0,"footnotes":""},"class_list":["post-31717","page","type-page","status-publish","hentry"],"aioseo_notices":[],"_links":{"self":[{"href":"https:\/\/dolphinlagoon.ch\/de\/wp-json\/wp\/v2\/pages\/31717","targetHints":{"allow":["GET"]}}],"collection":[{"href":"https:\/\/dolphinlagoon.ch\/de\/wp-json\/wp\/v2\/pages"}],"about":[{"href":"https:\/\/dolphinlagoon.ch\/de\/wp-json\/wp\/v2\/types\/page"}],"author":[{"embeddable":true,"href":"https:\/\/dolphinlagoon.ch\/de\/wp-json\/wp\/v2\/users\/1"}],"replies":[{"embeddable":true,"href":"https:\/\/dolphinlagoon.ch\/de\/wp-json\/wp\/v2\/comments?post=31717"}],"version-history":[{"count":1,"href":"https:\/\/dolphinlagoon.ch\/de\/wp-json\/wp\/v2\/pages\/31717\/revisions"}],"predecessor-version":[{"id":31718,"href":"https:\/\/dolphinlagoon.ch\/de\/wp-json\/wp\/v2\/pages\/31717\/revisions\/31718"}],"wp:attachment":[{"href":"https:\/\/dolphinlagoon.ch\/de\/wp-json\/wp\/v2\/media?parent=31717"}],"curies":[{"name":"wp","href":"https:\/\/api.w.org\/{rel}","templated":true}]}}