{"id":31725,"date":"2021-08-02T12:01:30","date_gmt":"2021-08-02T10:01:30","guid":{"rendered":"https:\/\/dolphinlagoon.ch\/informationen-zu-covid-19\/"},"modified":"2024-09-17T18:01:58","modified_gmt":"2024-09-17T16:01:58","slug":"informationen-zu-covid-19","status":"publish","type":"page","link":"https:\/\/dolphinlagoon.ch\/de\/informationen-zu-covid-19\/","title":{"rendered":"Informationen zu COVID-19"},"content":{"rendered":"\n<h3 class=\"wp-block-heading\"><strong>Um nach \u00c4gypten zu reisen<\/strong><\/h3>\n\n<p><\/p>\n\n<p>Seit dem 17. Juni 2022 sind alle Beschr\u00e4nkungen im Zusammenhang mit dem Corona-Virus f\u00fcr alle Personen, die nach \u00c4gypten einreisen, aufgehoben.<br\/><\/p>\n\n<p><\/p>\n\n<p><em>Die neuesten Einreisebestimmungen f\u00fcr \u00c4gypten finden Sie auf der Website des TCS<a rel=\"noreferrer noopener\" href=\"https:\/\/www.tcs.ch\/fr\/camping-voyages\/informations-touristiques\/infos-destinations\/egypte.php#anchor_96a7328f_Accordion-reiseinfo_detail_vorbereitung\" target=\"_blank\">&#8222;Vorbereitungen und Einreiseformalit\u00e4ten f\u00fcr \u00c4gypten<\/a>&#8220; oder auf der Website von EasyJet <a rel=\"noreferrer noopener\" href=\"https:\/\/www.easyjet.com\/fr\/covid-19-travel-hub\/country-specific-restrictions-and-entry-requirements\" target=\"_blank\">&#8222;Einreisebedingungen&#8220;<\/a>. <\/em><\/p>\n\n<h3 class=\"wp-block-heading\"><strong>R\u00fcckkehr in die Schweiz<\/strong><\/h3>\n\n<p><\/p>\n\n<ul class=\"wp-block-list\"><li>Kein Test erforderlich<\/li><\/ul>\n\n<ul class=\"wp-block-list\"><li>Kein Formular erforderlich<\/li><\/ul>\n\n<ul class=\"wp-block-list\"><li>Keine Quarant\u00e4ne<\/li><\/ul>\n\n<p><\/p>\n\n<p><em>Die neuesten Bestimmungen des BAG finden Sie auf der Website der Konf\u00f6deration:<strong> <\/strong><a rel=\"noreferrer noopener\" href=\"https:\/\/www.bag.admin.ch\/bag\/fr\/home\/krankheiten\/ausbrueche-epidemien-pandemien\/aktuelle-ausbrueche-epidemien\/novel-cov\/empfehlungen-fuer-reisende\/quarantaene-einreisende.html\" data-type=\"URL\" data-id=\"https:\/\/www.bag.admin.ch\/bag\/fr\/home\/krankheiten\/ausbrueche-epidemien-pandemien\/aktuelle-ausbrueche-epidemien\/novel-cov\/empfehlungen-fuer-reisende\/quarantaene-einreisende.html\" target=\"_blank\">&#8222;Corona Virus &#8211; Einreise in die Schweiz<\/a>&#8222;<a rel=\"noreferrer noopener\" href=\"https:\/\/www.bag.admin.ch\/bag\/fr\/home\/krankheiten\/ausbrueche-epidemien-pandemien\/aktuelle-ausbrueche-epidemien\/novel-cov\/empfehlungen-fuer-reisende\/quarantaene-einreisende.html\" data-type=\"URL\" data-id=\"https:\/\/www.bag.admin.ch\/bag\/fr\/home\/krankheiten\/ausbrueche-epidemien-pandemien\/aktuelle-ausbrueche-epidemien\/novel-cov\/empfehlungen-fuer-reisende\/quarantaene-einreisende.html\" target=\"_blank\">.<\/a><\/em><\/p>\n\n<p><\/p>\n\n<p><\/p>\n\n<h3 class=\"wp-block-heading\"><strong>Kostenlose Stornierung bis zu 24 Stunden vor Abflug<\/strong> <\/h3>\n\n<p>Sie k\u00f6nnen Ihre Kreuzfahrt bis zu 24 Stunden vor Abfahrt* kostenlos stornieren, wenn eine der folgenden Bedingungen gegeben ist:<\/p>\n\n<ul class=\"wp-block-list\"><li>ob es ein Einreiseverbot f\u00fcr das Urlaubsland gibt.<\/li><li>ob die Impfung im Urlaubsland obligatorisch ist**.<\/li><li>ob eine Quarant\u00e4ne f\u00fcr die Einreise in das Urlaubsland oder f\u00fcr die R\u00fcckkehr in die Schweiz f\u00fcr geimpfte Personen obligatorisch ist.***<\/li><\/ul>\n\n<p><\/p>\n\n<p>*Eine PCR-Testpflicht auf dem Hin- und\/oder R\u00fcckflug gilt nicht als g\u00fcltiger Grund f\u00fcr eine kostenlose Stornierung.<\/p>\n\n<p>** Gilt nur, wenn der Kunde nachweisen kann, dass er sich aus gesundheitlichen Gr\u00fcnden nicht impfen lassen kann, in diesem Fall muss er ein \u00e4rztliches Attest vorlegen.<\/p>\n\n<p>***Wenn das Urlaubsland eine Quarant\u00e4nepflicht oder ein Einreiseverbot f\u00fcr geimpfte Personen ausspricht, k\u00f6nnen auch nicht geimpfte Personen ihre Reise kostenlos stornieren.\nWenn eine Quarant\u00e4nepflicht oder ein Einreiseverbot nur f\u00fcr nicht geimpfte Personen erkl\u00e4rt wird, berechtigt dies nicht zur kostenlosen Stornierung der Reise. <\/p>\n\n<p>Im Falle einer Stornierung unsererseits aufgrund von COVID-19 haben Sie selbstverst\u00e4ndlich die M\u00f6glichkeit, Ihre Kreuzfahrt durch eine zwei Jahre lang g\u00fcltige Gutschrift zu verschieben, oder, wenn Sie dies w\u00fcnschen, erhalten Sie eine <strong>kostenlose R\u00fcckerstattung.<\/strong><\/p>\n\n<p>Die Modalit\u00e4ten der anderen Stornierungsf\u00e4lle sind in unseren <a rel=\"noreferrer noopener\" href=\"https:\/\/dolphinlagoon.ch\/wp-content\/uploads\/2021\/10\/Conditions-Generales-DOLPHIN-LAGOON.pdf\" target=\"_blank\">Allgemeinen Gesch\u00e4ftsbedingungen<\/a> geregelt.<\/p>\n\n<h3 class=\"wp-block-heading\"><strong>Aktuelle Gesundheitsrichtlinien und -ma\u00dfnahmen in \u00c4gypten  <\/strong><\/h3>\n\n<p>In der Presse wird nicht viel dar\u00fcber berichtet, aber vor Ort beobachten wir, dass die Situation in \u00c4gypten beruhigend ist.\nDie Zahl der F\u00e4lle ist wesentlich geringer als in Europa und wir haben keine bekannten F\u00e4lle in der weiteren Umgebung unseres Teams.   <\/p>\n\n<p>In \u00c4gypten m\u00fcssen alle Personen, die mit Touristen arbeiten, geimpft werden.\nDaher sind auch alle Besatzungsmitglieder geimpft. <\/p>\n\n<p>Kreuzfahrtschiffe m\u00fcssen \u00fcber eine staatliche Genehmigung verf\u00fcgen, die belegt, dass sie die geltenden Gesundheitsvorkehrungen und Hygienevorschriften einhalten.<\/p>\n","protected":false},"excerpt":{"rendered":"<p>Um nach \u00c4gypten zu reisen Seit dem 17. Juni 2022 sind alle Beschr\u00e4nkungen im Zusammenhang mit dem Corona-Virus f\u00fcr alle Personen, die nach \u00c4gypten einreisen, aufgehoben. Die neuesten Einreisebestimmungen f\u00fcr \u00c4gypten finden Sie auf der Website des TCS&#8222;Vorbereitungen und Einreiseformalit\u00e4ten f\u00fcr \u00c4gypten&#8220; oder auf der Website von EasyJet &#8222;Einreisebedingungen&#8220;. R\u00fcckkehr in die Schweiz Kein Test [&hellip;]<\/p>\n","protected":false},"author":1,"featured_media":0,"parent":0,"menu_order":0,"comment_status":"closed","ping_status":"closed","template":"","meta":{"_monsterinsights_skip_tracking":false,"_monsterinsights_sitenote_active":false,"_monsterinsights_sitenote_note":"","_monsterinsights_sitenote_category":0,"footnotes":""},"class_list":["post-31725","page","type-page","status-publish","hentry"],"aioseo_notices":[],"_links":{"self":[{"href":"https:\/\/dolphinlagoon.ch\/de\/wp-json\/wp\/v2\/pages\/31725","targetHints":{"allow":["GET"]}}],"collection":[{"href":"https:\/\/dolphinlagoon.ch\/de\/wp-json\/wp\/v2\/pages"}],"about":[{"href":"https:\/\/dolphinlagoon.ch\/de\/wp-json\/wp\/v2\/types\/page"}],"author":[{"embeddable":true,"href":"https:\/\/dolphinlagoon.ch\/de\/wp-json\/wp\/v2\/users\/1"}],"replies":[{"embeddable":true,"href":"https:\/\/dolphinlagoon.ch\/de\/wp-json\/wp\/v2\/comments?post=31725"}],"version-history":[{"count":1,"href":"https:\/\/dolphinlagoon.ch\/de\/wp-json\/wp\/v2\/pages\/31725\/revisions"}],"predecessor-version":[{"id":31727,"href":"https:\/\/dolphinlagoon.ch\/de\/wp-json\/wp\/v2\/pages\/31725\/revisions\/31727"}],"wp:attachment":[{"href":"https:\/\/dolphinlagoon.ch\/de\/wp-json\/wp\/v2\/media?parent=31725"}],"curies":[{"name":"wp","href":"https:\/\/api.w.org\/{rel}","templated":true}]}}