{"id":31733,"date":"2021-08-02T11:38:00","date_gmt":"2021-08-02T09:38:00","guid":{"rendered":"https:\/\/dolphinlagoon.ch\/das-dolphin-lagoon-team\/"},"modified":"2024-09-17T18:02:02","modified_gmt":"2024-09-17T16:02:02","slug":"das-dolphin-lagoon-team","status":"publish","type":"page","link":"https:\/\/dolphinlagoon.ch\/de\/das-dolphin-lagoon-team\/","title":{"rendered":"Das Dolphin Lagoon Team"},"content":{"rendered":"\t\t<div data-elementor-type=\"wp-page\" data-elementor-id=\"31733\" class=\"elementor elementor-31733 elementor-29056\" data-elementor-post-type=\"page\">\n\t\t\t\t\t\t<section class=\"elementor-section elementor-top-section elementor-element elementor-element-76656eb0 elementor-section-boxed elementor-section-height-default elementor-section-height-default\" data-id=\"76656eb0\" data-element_type=\"section\" data-e-type=\"section\">\n\t\t\t\t\t\t<div class=\"elementor-container elementor-column-gap-default\">\n\t\t\t\t\t<div class=\"elementor-column elementor-col-100 elementor-top-column elementor-element elementor-element-4127d199\" data-id=\"4127d199\" data-element_type=\"column\" data-e-type=\"column\">\n\t\t\t<div class=\"elementor-widget-wrap elementor-element-populated\">\n\t\t\t\t\t\t<div class=\"elementor-element elementor-element-3ab7b392 elementor-widget elementor-widget-text-editor\" data-id=\"3ab7b392\" data-element_type=\"widget\" data-e-type=\"widget\" data-widget_type=\"text-editor.default\">\n\t\t\t\t<div class=\"elementor-widget-container\">\n\t\t\t\t\t\t\t\t\t\n<p>Dolphin Lagoon &#8230; ist ein Team bestehend aus ..:<\/p>\n\n<h3>Karin Estoppey<\/h3>\n\n<figure class=\"wp-block-image size-large\"><img fetchpriority=\"high\" decoding=\"async\" width=\"1024\" height=\"860\" class=\"wp-image-29186\" src=\"https:\/\/dolphinlagoon.ch\/wp-content\/uploads\/2021\/09\/20180508_072546-1024x860.jpg\" alt=\"\" srcset=\"https:\/\/dolphinlagoon.ch\/wp-content\/uploads\/2021\/09\/20180508_072546-1024x860.jpg 1024w, https:\/\/dolphinlagoon.ch\/wp-content\/uploads\/2021\/09\/20180508_072546-300x252.jpg 300w, https:\/\/dolphinlagoon.ch\/wp-content\/uploads\/2021\/09\/20180508_072546-768x645.jpg 768w, https:\/\/dolphinlagoon.ch\/wp-content\/uploads\/2021\/09\/20180508_072546-1536x1290.jpg 1536w, https:\/\/dolphinlagoon.ch\/wp-content\/uploads\/2021\/09\/20180508_072546-2048x1720.jpg 2048w\" sizes=\"(max-width: 1024px) 100vw, 1024px\" \/>\n<figcaption class=\"wp-element-caption\">Karin Estoppey<br>Gr\u00fcnderin<\/figcaption>\n<\/figure>\n\n<p><strong>Karin, <\/strong>verheiratet, 3 Kinder, lebt in der Schweiz.\nSie arbeitete als Sonderp\u00e4dagogin, dann als Supermama mit ihren Kindern und derzeit noch als Verwaltungsleiterin im Familienunternehmen.\nSie hat eine gro\u00dfe Erfahrung im Umgang mit Menschen und in der Begleitung von Menschen im Wasser und schenkt ihrer Umgebung eine unersch\u00f6pfliche innere Sonne.  <\/p>\n\n<h3>Hassan Mohamed<\/h3>\n\n<figure class=\"wp-block-image size-large\"><img decoding=\"async\" width=\"1024\" height=\"768\" class=\"wp-image-29184\" src=\"https:\/\/dolphinlagoon.ch\/wp-content\/uploads\/2021\/09\/P1150462-1024x768.jpg\" alt=\"\" srcset=\"https:\/\/dolphinlagoon.ch\/wp-content\/uploads\/2021\/09\/P1150462-1024x768.jpg 1024w, https:\/\/dolphinlagoon.ch\/wp-content\/uploads\/2021\/09\/P1150462-300x225.jpg 300w, https:\/\/dolphinlagoon.ch\/wp-content\/uploads\/2021\/09\/P1150462-768x576.jpg 768w, https:\/\/dolphinlagoon.ch\/wp-content\/uploads\/2021\/09\/P1150462-1536x1152.jpg 1536w, https:\/\/dolphinlagoon.ch\/wp-content\/uploads\/2021\/09\/P1150462-2048x1536.jpg 2048w\" sizes=\"(max-width: 1024px) 100vw, 1024px\" \/>\n<figcaption class=\"wp-element-caption\">Hassan Mohamed<br>manager<\/figcaption>\n<\/figure>\n\n<p><strong>Hassan, <\/strong>verheiratet, 3 Kinder, lebt in \u00c4gypten.\nEr hat viele Jahre als Zodiac-Kapit\u00e4n mit den Schwimmern in der Lagune gearbeitet.\nEr hat eine enorme Erfahrung in der respektvollen Ann\u00e4herung und Begegnung mit Delfinen in der Lagune und eine angeborene und intuitive Neigung zur wahren Kommunikation zwischen den Menschen.\nEr ist f\u00fcr die Logistik verantwortlich und legt gro\u00dfen Wert auf die Sicherheit der Teilnehmer, den Respekt vor der Natur und die M\u00f6glichkeit, dass jeder eine sch\u00f6ne Woche in Harmonie erleben kann.   <\/p>\n\n<p> <\/p>\n\n<h3>Und das ist unser Schiff MY Blue Fin und seine Besatzung.<\/h3>\n\n<figure class=\"wp-block-image size-large\"><img decoding=\"async\" width=\"1024\" height=\"683\" class=\"wp-image-30091\" src=\"https:\/\/dolphinlagoon.ch\/wp-content\/uploads\/2022\/11\/IMG_2434-1024x683.jpg\" alt=\"\" srcset=\"https:\/\/dolphinlagoon.ch\/wp-content\/uploads\/2022\/11\/IMG_2434-1024x683.jpg 1024w, https:\/\/dolphinlagoon.ch\/wp-content\/uploads\/2022\/11\/IMG_2434-300x200.jpg 300w, https:\/\/dolphinlagoon.ch\/wp-content\/uploads\/2022\/11\/IMG_2434-768x512.jpg 768w, https:\/\/dolphinlagoon.ch\/wp-content\/uploads\/2022\/11\/IMG_2434-1536x1024.jpg 1536w, https:\/\/dolphinlagoon.ch\/wp-content\/uploads\/2022\/11\/IMG_2434-2048x1365.jpg 2048w\" sizes=\"(max-width: 1024px) 100vw, 1024px\" \/>\n<figcaption class=\"wp-element-caption\">MY Blue Fin<\/figcaption>\n<\/figure>\n\n<div class=\"wp-block-group\">\n<figure class=\"wp-block-gallery has-nested-images columns-default is-cropped\">\n<figure class=\"wp-block-image size-large\"><img loading=\"lazy\" decoding=\"async\" width=\"1024\" height=\"683\" class=\"wp-image-30101\" src=\"https:\/\/dolphinlagoon.ch\/wp-content\/uploads\/2022\/11\/IMG_1339-2-1024x683.jpg\" alt=\"\" srcset=\"https:\/\/dolphinlagoon.ch\/wp-content\/uploads\/2022\/11\/IMG_1339-2-1024x683.jpg 1024w, https:\/\/dolphinlagoon.ch\/wp-content\/uploads\/2022\/11\/IMG_1339-2-300x200.jpg 300w, https:\/\/dolphinlagoon.ch\/wp-content\/uploads\/2022\/11\/IMG_1339-2-768x512.jpg 768w, https:\/\/dolphinlagoon.ch\/wp-content\/uploads\/2022\/11\/IMG_1339-2-1536x1024.jpg 1536w, https:\/\/dolphinlagoon.ch\/wp-content\/uploads\/2022\/11\/IMG_1339-2-2048x1366.jpg 2048w\" sizes=\"(max-width: 1024px) 100vw, 1024px\" \/>\n<figcaption class=\"wp-element-caption\">Ali <em>captain zodiac<\/em><\/figcaption>\n<\/figure>\n\n<figure class=\"wp-block-image size-large\"><img loading=\"lazy\" decoding=\"async\" width=\"1024\" height=\"683\" class=\"wp-image-30099\" src=\"https:\/\/dolphinlagoon.ch\/wp-content\/uploads\/2022\/11\/IMG_1346-3-1024x683.jpg\" alt=\"\" srcset=\"https:\/\/dolphinlagoon.ch\/wp-content\/uploads\/2022\/11\/IMG_1346-3-1024x683.jpg 1024w, https:\/\/dolphinlagoon.ch\/wp-content\/uploads\/2022\/11\/IMG_1346-3-300x200.jpg 300w, https:\/\/dolphinlagoon.ch\/wp-content\/uploads\/2022\/11\/IMG_1346-3-768x512.jpg 768w, https:\/\/dolphinlagoon.ch\/wp-content\/uploads\/2022\/11\/IMG_1346-3-1536x1024.jpg 1536w, https:\/\/dolphinlagoon.ch\/wp-content\/uploads\/2022\/11\/IMG_1346-3-2048x1366.jpg 2048w\" sizes=\"(max-width: 1024px) 100vw, 1024px\" \/>\n<figcaption class=\"wp-element-caption\">Mahmud <em>mechanic<\/em><\/figcaption>\n<\/figure>\n\n<figure class=\"wp-block-image size-large\"><img loading=\"lazy\" decoding=\"async\" width=\"1024\" height=\"683\" class=\"wp-image-30098\" src=\"https:\/\/dolphinlagoon.ch\/wp-content\/uploads\/2022\/11\/IMG_1349-1024x683.jpg\" alt=\"\" srcset=\"https:\/\/dolphinlagoon.ch\/wp-content\/uploads\/2022\/11\/IMG_1349-1024x683.jpg 1024w, https:\/\/dolphinlagoon.ch\/wp-content\/uploads\/2022\/11\/IMG_1349-300x200.jpg 300w, https:\/\/dolphinlagoon.ch\/wp-content\/uploads\/2022\/11\/IMG_1349-768x512.jpg 768w, https:\/\/dolphinlagoon.ch\/wp-content\/uploads\/2022\/11\/IMG_1349-1536x1024.jpg 1536w, https:\/\/dolphinlagoon.ch\/wp-content\/uploads\/2022\/11\/IMG_1349-2048x1365.jpg 2048w\" sizes=\"(max-width: 1024px) 100vw, 1024px\" \/>\n<figcaption class=\"wp-element-caption\">Ala saloon man<\/figcaption>\n<\/figure>\n\n<figure class=\"wp-block-image size-large\"><img loading=\"lazy\" decoding=\"async\" width=\"1024\" height=\"683\" class=\"wp-image-30103\" src=\"https:\/\/dolphinlagoon.ch\/wp-content\/uploads\/2022\/11\/IMG_1351-2-1024x683.jpg\" alt=\"\" srcset=\"https:\/\/dolphinlagoon.ch\/wp-content\/uploads\/2022\/11\/IMG_1351-2-1024x683.jpg 1024w, https:\/\/dolphinlagoon.ch\/wp-content\/uploads\/2022\/11\/IMG_1351-2-300x200.jpg 300w, https:\/\/dolphinlagoon.ch\/wp-content\/uploads\/2022\/11\/IMG_1351-2-768x512.jpg 768w, https:\/\/dolphinlagoon.ch\/wp-content\/uploads\/2022\/11\/IMG_1351-2-1536x1024.jpg 1536w, https:\/\/dolphinlagoon.ch\/wp-content\/uploads\/2022\/11\/IMG_1351-2-2048x1365.jpg 2048w\" sizes=\"(max-width: 1024px) 100vw, 1024px\" \/>\n<figcaption class=\"wp-element-caption\">Yussef sailor  <\/figcaption>\n<\/figure>\n<figure class=\"wp-block-image size-large\"><img loading=\"lazy\" decoding=\"async\" class=\"alignnone wp-image-30554 size-medium\" src=\"https:\/\/dolphinlagoon.ch\/wp-content\/uploads\/2023\/04\/Nader_sailor_1024x683-300x200.jpg\" alt=\"\" width=\"300\" height=\"200\" srcset=\"https:\/\/dolphinlagoon.ch\/wp-content\/uploads\/2023\/04\/Nader_sailor_1024x683-300x200.jpg 300w, https:\/\/dolphinlagoon.ch\/wp-content\/uploads\/2023\/04\/Nader_sailor_1024x683-768x512.jpg 768w, https:\/\/dolphinlagoon.ch\/wp-content\/uploads\/2023\/04\/Nader_sailor_1024x683.jpg 1024w\" sizes=\"(max-width: 300px) 100vw, 300px\" \/>\n<figcaption class=\"wp-element-caption\">Nader sailor  <\/figcaption>\n<\/figure>\n\n<figure class=\"wp-block-image size-large\"><\/figure>\n<\/figure>\n<\/div>\n\n<p><strong>Unsere Crewmitglieder, die mit dem Geist von Dolphin Lagoon in Einklang stehen, respektvoll sind und immer bereit, ihr Bestes zu geben, werden Ihr Abenteuer ebenfalls teilen.\nSie setzen ihre Hingabe und Erfahrung f\u00fcr Ihren Komfort und Ihre Sicherheit ein.   <\/strong><\/p>\n\n<h3>Eine von gegenseitigem Respekt geleitete Zusammenarbeit<\/h3>\n\n<p>Wir haben uns zusammengefunden, um Ihnen eine einzigartige Erfahrung zu erm\u00f6glichen: die Begegnung von Delfinen und Menschen in Respekt und mit der energetischen Kommunikation ihrer bedingungslosen Liebe.<\/p>\n\n<p>Hassan und Karin lernten sich \u00fcber unsere gemeinsame Leidenschaft f\u00fcr Delfine und helfende Beziehungen kennen.\nAus der Freundschaft, die uns verband, entstand eine gro\u00dfe Verbundenheit. <br>Ein gro\u00dfer gegenseitiger Respekt, Komplementarit\u00e4t und die \u00dcbereinstimmung unserer Ideen \u00fcber Ethik und die Begleitung von Menschen haben uns das Leben erm\u00f6glicht, DolphinLagoon zu gr\u00fcnden.<\/p>\n\n<p>Unsere Ethik: Wir respektieren die Individualit\u00e4t jedes Einzelnen und m\u00f6chten auf die Bed\u00fcrfnisse jedes einzelnen Teilnehmers eingehen.\nWir bieten unseren Teilnehmern eine sch\u00f6ne Kreuzfahrt, die es ihnen erm\u00f6glicht, eine Woche wahres Gl\u00fcck zu erleben und ihre kindliche Freude wiederzufinden. <\/p>\n\n<h3> <\/h3>\n\n<figure class=\"wp-block-gallery aligncenter has-nested-images columns-default is-cropped\"><\/figure>\n\n<p> <\/p>\n\n<p> <\/p>\n\n\t\t<div data-elementor-type=\"section\" data-elementor-id=\"29129\" class=\"elementor elementor-29129\" data-elementor-post-type=\"elementor_library\">\n\t\t\t\t\t<section class=\"elementor-section elementor-top-section elementor-element elementor-element-61eb741 elementor-section-boxed elementor-section-height-default elementor-section-height-default\" data-id=\"61eb741\" data-element_type=\"section\" data-e-type=\"section\">\n\t\t\t\t\t\t<div class=\"elementor-container elementor-column-gap-default\">\n\t\t\t\t\t<div class=\"elementor-column elementor-col-100 elementor-top-column elementor-element elementor-element-7bf00d6f\" data-id=\"7bf00d6f\" data-element_type=\"column\" data-e-type=\"column\">\n\t\t\t<div class=\"elementor-widget-wrap elementor-element-populated\">\n\t\t\t\t\t\t<div class=\"elementor-element elementor-element-3e12d9e1 elementor-widget elementor-widget-text-editor\" data-id=\"3e12d9e1\" data-element_type=\"widget\" data-e-type=\"widget\" data-widget_type=\"text-editor.default\">\n\t\t\t\t<div class=\"elementor-widget-container\">\n\t\t\t\t\t\t\t\t\t<p>Ca y&#8217;est, vous \u00eates pr\u00eats \u00e0 r\u00e9server, ou alors vous avez quelques questions \u00e0 nous poser ? C&#8217;est par ici que \u00e7a se passe ! Promis, on revient vers vous rapidement \ud83d\ude42<\/p>\t\t\t\t\t\t\t\t<\/div>\n\t\t\t\t<\/div>\n\t\t\t\t<div class=\"elementor-element elementor-element-48fcbcbb elementor-widget elementor-widget-heading\" data-id=\"48fcbcbb\" data-element_type=\"widget\" data-e-type=\"widget\" data-widget_type=\"heading.default\">\n\t\t\t\t<div class=\"elementor-widget-container\">\n\t\t\t\t\t<h3 class=\"elementor-heading-title elementor-size-default\">Adresse postale<\/h3>\t\t\t\t<\/div>\n\t\t\t\t<\/div>\n\t\t\t\t<div class=\"elementor-element elementor-element-6cc1941e elementor-widget elementor-widget-text-editor\" data-id=\"6cc1941e\" data-element_type=\"widget\" data-e-type=\"widget\" data-widget_type=\"text-editor.default\">\n\t\t\t\t<div class=\"elementor-widget-container\">\n\t\t\t\t\t\t\t\t\t<p>Dolphin Lagoon \u2013 Karin Estoppey<br \/>Ch. de Rebaterel 2<br \/>1032 Romanel\/Lausanne<\/p><p><span class=\"width1\">Mobile:\u00a0<\/span>+41 79 714 15 84<\/p>\t\t\t\t\t\t\t\t<\/div>\n\t\t\t\t<\/div>\n\t\t\t\t<div class=\"elementor-element elementor-element-2029c617 elementor-widget elementor-widget-heading\" data-id=\"2029c617\" data-element_type=\"widget\" data-e-type=\"widget\" data-widget_type=\"heading.default\">\n\t\t\t\t<div class=\"elementor-widget-container\">\n\t\t\t\t\t<h3 class=\"elementor-heading-title elementor-size-default\">Formulaire de contact<\/h3>\t\t\t\t<\/div>\n\t\t\t\t<\/div>\n\t\t\t\t<div class=\"elementor-element elementor-element-7187fdd0 elementor-button-align-stretch elementor-widget elementor-widget-form\" data-id=\"7187fdd0\" data-element_type=\"widget\" data-e-type=\"widget\" data-settings=\"{&quot;step_next_label&quot;:&quot;Suivant&quot;,&quot;step_previous_label&quot;:&quot;Pr\\u00e9c\\u00e9dent&quot;,&quot;button_width&quot;:&quot;100&quot;,&quot;step_type&quot;:&quot;number_text&quot;,&quot;step_icon_shape&quot;:&quot;circle&quot;}\" data-widget_type=\"form.default\">\n\t\t\t\t<div class=\"elementor-widget-container\">\n\t\t\t\t\t\t\t<form class=\"elementor-form\" method=\"post\" name=\"Nouveau formulaire\" aria-label=\"Nouveau formulaire\">\n\t\t\t<input type=\"hidden\" name=\"post_id\" value=\"29129\"\/>\n\t\t\t<input type=\"hidden\" name=\"form_id\" value=\"7187fdd0\"\/>\n\t\t\t<input type=\"hidden\" name=\"referer_title\" value=\"L\u2019\u00e9quipe Dolphin Lagoon \u2023 Dolphin Lagoon\" \/>\n\n\t\t\t\t\t\t\t<input type=\"hidden\" name=\"queried_id\" value=\"29056\"\/>\n\t\t\t\n\t\t\t<div class=\"elementor-form-fields-wrapper elementor-labels-\">\n\t\t\t\t\t\t\t\t<div class=\"elementor-field-type-text elementor-field-group elementor-column elementor-field-group-name elementor-col-50 elementor-field-required\">\n\t\t\t\t\t\t\t\t\t\t\t\t<label for=\"form-field-name\" class=\"elementor-field-label elementor-screen-only\">\n\t\t\t\t\t\t\t\tPr\u00e9nom\t\t\t\t\t\t\t<\/label>\n\t\t\t\t\t\t\t\t\t\t\t\t\t\t<input size=\"1\" type=\"text\" name=\"form_fields[name]\" id=\"form-field-name\" class=\"elementor-field elementor-size-lg  elementor-field-textual\" placeholder=\"Pr\u00e9nom\" required=\"required\">\n\t\t\t\t\t\t\t\t\t\t\t<\/div>\n\t\t\t\t\t\t\t\t<div class=\"elementor-field-type-text elementor-field-group elementor-column elementor-field-group-field_c499f53 elementor-col-50 elementor-field-required\">\n\t\t\t\t\t\t\t\t\t\t\t\t<label for=\"form-field-field_c499f53\" class=\"elementor-field-label elementor-screen-only\">\n\t\t\t\t\t\t\t\tNom de famille\t\t\t\t\t\t\t<\/label>\n\t\t\t\t\t\t\t\t\t\t\t\t\t\t<input size=\"1\" type=\"text\" name=\"form_fields[field_c499f53]\" id=\"form-field-field_c499f53\" class=\"elementor-field elementor-size-lg  elementor-field-textual\" placeholder=\"Nom de famille\" required=\"required\">\n\t\t\t\t\t\t\t\t\t\t\t<\/div>\n\t\t\t\t\t\t\t\t<div class=\"elementor-field-type-email elementor-field-group elementor-column elementor-field-group-email elementor-col-50 elementor-field-required\">\n\t\t\t\t\t\t\t\t\t\t\t\t<label for=\"form-field-email\" class=\"elementor-field-label elementor-screen-only\">\n\t\t\t\t\t\t\t\tE-mail\t\t\t\t\t\t\t<\/label>\n\t\t\t\t\t\t\t\t\t\t\t\t\t\t<input size=\"1\" type=\"email\" name=\"form_fields[email]\" id=\"form-field-email\" class=\"elementor-field elementor-size-lg  elementor-field-textual\" placeholder=\"E-mail\" required=\"required\">\n\t\t\t\t\t\t\t\t\t\t\t<\/div>\n\t\t\t\t\t\t\t\t<div class=\"elementor-field-type-tel elementor-field-group elementor-column elementor-field-group-field_01a71eb elementor-col-50 elementor-field-required\">\n\t\t\t\t\t\t\t\t\t\t\t\t<label for=\"form-field-field_01a71eb\" class=\"elementor-field-label elementor-screen-only\">\n\t\t\t\t\t\t\t\tT\u00e9l\u00e9phone\t\t\t\t\t\t\t<\/label>\n\t\t\t\t\t\t\t\t<input size=\"1\" type=\"tel\" name=\"form_fields[field_01a71eb]\" id=\"form-field-field_01a71eb\" class=\"elementor-field elementor-size-lg  elementor-field-textual\" placeholder=\"T\u00e9l\u00e9phone*\" required=\"required\" pattern=\"[0-9()#&amp;+*-=.]+\" title=\"Seuls les caract\u00e8res de num\u00e9ros de t\u00e9l\u00e9phone (#, -, *, etc.) sont accept\u00e9s.\">\n\n\t\t\t\t\t\t<\/div>\n\t\t\t\t\t\t\t\t<div class=\"elementor-field-type-text elementor-field-group elementor-column elementor-field-group-sujet elementor-col-100 elementor-field-required\">\n\t\t\t\t\t\t\t\t\t\t\t\t<label for=\"form-field-sujet\" class=\"elementor-field-label elementor-screen-only\">\n\t\t\t\t\t\t\t\tSujet\t\t\t\t\t\t\t<\/label>\n\t\t\t\t\t\t\t\t\t\t\t\t\t\t<input size=\"1\" type=\"text\" name=\"form_fields[sujet]\" id=\"form-field-sujet\" class=\"elementor-field elementor-size-lg  elementor-field-textual\" placeholder=\"Sujet\" required=\"required\">\n\t\t\t\t\t\t\t\t\t\t\t<\/div>\n\t\t\t\t\t\t\t\t<div class=\"elementor-field-type-textarea elementor-field-group elementor-column elementor-field-group-field_8e060d1 elementor-col-100 elementor-field-required\">\n\t\t\t\t\t\t\t\t\t\t\t\t<label for=\"form-field-field_8e060d1\" class=\"elementor-field-label elementor-screen-only\">\n\t\t\t\t\t\t\t\tMessage\t\t\t\t\t\t\t<\/label>\n\t\t\t\t\t\t<textarea class=\"elementor-field-textual elementor-field  elementor-size-lg\" name=\"form_fields[field_8e060d1]\" id=\"form-field-field_8e060d1\" rows=\"4\" placeholder=\"Votre demande\" required=\"required\"><\/textarea>\t\t\t\t<\/div>\n\t\t\t\t\t\t\t\t<div class=\"elementor-field-type-recaptcha_v3 elementor-field-group elementor-column elementor-field-group-field_c0a53f6 elementor-col-100 recaptcha_v3-bottomright\">\n\t\t\t\t\t<div class=\"elementor-field\" id=\"form-field-field_c0a53f6\"><div class=\"elementor-g-recaptcha\" data-sitekey=\"6LeMZNUbAAAAAFC9MHVjIXcMN34JiyKWNfVy3bZs\" data-type=\"v3\" data-action=\"Form\" data-badge=\"bottomright\" data-size=\"invisible\"><\/div><\/div>\t\t\t\t<\/div>\n\t\t\t\t\t\t\t\t<div class=\"elementor-field-group elementor-column elementor-field-type-submit elementor-col-100 e-form__buttons\">\n\t\t\t\t\t<button class=\"elementor-button elementor-size-md\" type=\"submit\">\n\t\t\t\t\t\t<span class=\"elementor-button-content-wrapper\">\n\t\t\t\t\t\t\t\t\t\t\t\t\t\t\t\t\t\t\t\t\t\t<span class=\"elementor-button-text\">Envoyer<\/span>\n\t\t\t\t\t\t\t\t\t\t\t\t\t<\/span>\n\t\t\t\t\t<\/button>\n\t\t\t\t<\/div>\n\t\t\t<\/div>\n\t\t<\/form>\n\t\t\t\t\t\t<\/div>\n\t\t\t\t<\/div>\n\t\t\t\t\t<\/div>\n\t\t<\/div>\n\t\t\t\t\t<\/div>\n\t\t<\/section>\n\t\t\t\t<\/div>\n\t\t\n\n<p> <\/p>\n\t\t\t\t\t\t\t\t<\/div>\n\t\t\t\t<\/div>\n\t\t\t\t\t<\/div>\n\t\t<\/div>\n\t\t\t\t\t<\/div>\n\t\t<\/section>\n\t\t\t\t<\/div>\n\t\t","protected":false},"excerpt":{"rendered":"<p>Dolphin Lagoon &#8230; ist ein Team bestehend aus ..: Karin Estoppey Karin EstoppeyGr\u00fcnderin Karin, verheiratet, 3 Kinder, lebt in der Schweiz. Sie arbeitete als Sonderp\u00e4dagogin, dann als Supermama mit ihren Kindern und derzeit noch als Verwaltungsleiterin im Familienunternehmen. Sie hat eine gro\u00dfe Erfahrung im Umgang mit Menschen und in der Begleitung von Menschen im Wasser [&hellip;]<\/p>\n","protected":false},"author":1,"featured_media":0,"parent":0,"menu_order":0,"comment_status":"closed","ping_status":"closed","template":"","meta":{"_monsterinsights_skip_tracking":false,"_monsterinsights_sitenote_active":false,"_monsterinsights_sitenote_note":"","_monsterinsights_sitenote_category":0,"footnotes":""},"class_list":["post-31733","page","type-page","status-publish","hentry"],"aioseo_notices":[],"_links":{"self":[{"href":"https:\/\/dolphinlagoon.ch\/de\/wp-json\/wp\/v2\/pages\/31733","targetHints":{"allow":["GET"]}}],"collection":[{"href":"https:\/\/dolphinlagoon.ch\/de\/wp-json\/wp\/v2\/pages"}],"about":[{"href":"https:\/\/dolphinlagoon.ch\/de\/wp-json\/wp\/v2\/types\/page"}],"author":[{"embeddable":true,"href":"https:\/\/dolphinlagoon.ch\/de\/wp-json\/wp\/v2\/users\/1"}],"replies":[{"embeddable":true,"href":"https:\/\/dolphinlagoon.ch\/de\/wp-json\/wp\/v2\/comments?post=31733"}],"version-history":[{"count":5,"href":"https:\/\/dolphinlagoon.ch\/de\/wp-json\/wp\/v2\/pages\/31733\/revisions"}],"predecessor-version":[{"id":31740,"href":"https:\/\/dolphinlagoon.ch\/de\/wp-json\/wp\/v2\/pages\/31733\/revisions\/31740"}],"wp:attachment":[{"href":"https:\/\/dolphinlagoon.ch\/de\/wp-json\/wp\/v2\/media?parent=31733"}],"curies":[{"name":"wp","href":"https:\/\/api.w.org\/{rel}","templated":true}]}}