{"id":31752,"date":"2021-08-02T11:00:00","date_gmt":"2021-08-02T09:00:00","guid":{"rendered":"https:\/\/dolphinlagoon.ch\/annaeherung-an-und-respekt-vor-delfinen\/"},"modified":"2024-09-17T18:03:55","modified_gmt":"2024-09-17T16:03:55","slug":"annaeherung-an-und-respekt-vor-delfinen","status":"publish","type":"page","link":"https:\/\/dolphinlagoon.ch\/de\/annaeherung-an-und-respekt-vor-delfinen\/","title":{"rendered":"Ann\u00e4herung an und Respekt vor Delfinen"},"content":{"rendered":"\n<p>Die Delfine, die wir in der Lagune antreffen, stammen aus mehreren Gruppen von Langschnauzendelfinen (Stenella Longirostris). Sie sind <strong>v\u00f6llig<\/strong> <strong>frei<\/strong> und entscheiden sich aus freien St\u00fccken, jeden Tag oder fast jeden Tag zum Spielen und Ausruhen in die Lagune zu kommen.\nWir sollten daher <strong>ihre Lebensweise und das Vertrauen, das sie uns entgegenbringen, respektieren.<\/strong> <\/p>\n\n<p>Bei der Ann\u00e4herung an die Delfine achten wir immer darauf, dass wir sanft vorgehen und uns ihnen nicht aufdr\u00e4ngen.\nIm Zodiac halten wir zun\u00e4chst Ausschau nach den Schwanzflossen der Delfine, die abwechselnd zum Atmen an die Oberfl\u00e4che kommen, damit wir absch\u00e4tzen k\u00f6nnen, mit wie vielen Delfinen wir ins Wasser gehen werden.\nDann n\u00e4hern wir uns vorsichtig der Gruppe <strong>, <\/strong> um <strong>sie <\/strong> zu <strong>fragen, ob sie uns akzeptieren. <\/strong>   <\/p>\n\n<p>Wenn sie nicht schneller schwimmen, ist das ein gutes Zeichen, dass sie uns akzeptieren werden.\nDann <strong>gehen wir<\/strong> nach und nach in kleinen Gruppen <strong>langsam<\/strong> und ohne zu springen <strong>ins Wasser<\/strong>.\nUnd dann geschieht der Zauber und wir sind unter ihnen.\nManchmal schwimmen sie ruhig weiter, ohne sich um uns zu k\u00fcmmern, und wir schwimmen in ihrem Kielwasser, um in Kontakt zu bleiben.\nWenn sie sich jedoch entschieden haben, bei uns zu bleiben, <strong>beobachten sie uns,<\/strong> drehen sich zu uns <strong>um, schwimmen und spielen um<\/strong> uns <strong>herum<\/strong> und machen manchmal herausfordernde Zeichen, um uns zu zeigen, dass sie m\u00f6chten, dass wir mit ihnen abtauchen.    <\/p>\n\n<p>Mit zunehmender Erfahrung sp\u00fcren wir, ob die Delphine bereit sind, mit uns zu schwimmen oder nicht.\nWenn nicht, ist es <strong>sinnlos, sie mit dem Zodiac zu verfolgen<\/strong>.\nManchmal schweben wir im warmen Wasser der glasklaren Lagune und pl\u00f6tzlich <strong>kommen die Delfine von selbst auf uns zu<\/strong>.\nDies ist die Gelegenheit f\u00fcr die magischsten Begegnungen.   <\/p>\n\n<p>Abgesehen von der Magie der Momente, in denen ich mit den Delfinen schwamm, die je nach Moment friedlich oder wild waren, ber\u00fchrten mich die Momente am meisten, in denen ich ihren Blicken begegnete. <strong>Der Ausdruck in ihren Augen kann niemanden gleichg\u00fcltig lassen<\/strong> und bietet jedem die M\u00f6glichkeit, die <strong>Botschaft<\/strong> zu finden, nach der er gesucht hat und die er f\u00fcr immer behalten wird.<\/p>\n\n<figure class=\"wp-block-image size-large\"><img fetchpriority=\"high\" decoding=\"async\" width=\"1024\" height=\"683\" src=\"https:\/\/dolphinlagoon.ch\/wp-content\/uploads\/2021\/08\/IMG_5920-1024x683.jpg\" alt=\"\" class=\"wp-image-29041\" srcset=\"https:\/\/dolphinlagoon.ch\/wp-content\/uploads\/2021\/08\/IMG_5920-1024x683.jpg 1024w, https:\/\/dolphinlagoon.ch\/wp-content\/uploads\/2021\/08\/IMG_5920-300x200.jpg 300w, https:\/\/dolphinlagoon.ch\/wp-content\/uploads\/2021\/08\/IMG_5920-768x512.jpg 768w, https:\/\/dolphinlagoon.ch\/wp-content\/uploads\/2021\/08\/IMG_5920-1536x1024.jpg 1536w, https:\/\/dolphinlagoon.ch\/wp-content\/uploads\/2021\/08\/IMG_5920-2048x1365.jpg 2048w\" sizes=\"(max-width: 1024px) 100vw, 1024px\" \/><\/figure>\n\n<h3 class=\"wp-block-heading\">Es gibt verschiedene Arten von Begegnungen:<\/h3>\n\n<p><strong>Wenn sich Delfine in der Schlafphase befinden,<\/strong> sind sie still und schwimmen ruhig in engen, harmonischen Gruppen und tauchen sehr regelm\u00e4\u00dfig zum Atmen auf.\nEs ist sehr wichtig, ihre Ruhe zu respektieren.\nIn dieser Zeit, in der Sie die Tiere beobachten k\u00f6nnen, bitten wir Sie, sie nicht zum Spielen zu provozieren.\nEs ist jedoch m\u00f6glich, <strong>sanft an ihrer Seite zu schwimmen, ohne die Harmonie der Gruppe zu st\u00f6ren<\/strong>.\nManchmal akzeptieren sie uns in vollem Vertrauen und dr\u00fccken ein Auge zu.    <\/p>\n\n<p><strong>Wenn die Delfine wach sind<\/strong>, k\u00f6nnen verschiedene Situationen beobachtet werden.\nSie k\u00f6nnen <strong>sich<\/strong> in einer <strong>sehr aktiven Phase befinden, in der sie miteinander spielen<\/strong>, einschlie\u00dflich Hierarchie- oder Verf\u00fchrungsspielen, was zu Verfolgungsjagden und &#8222;Saladen&#8220; von Delfinen f\u00fchrt, die miteinander interagieren, manchmal auf muskul\u00f6se Art und Weise.\nEs ist sehr unterhaltsam, die Delfine in diesen Momenten zu beobachten und zu sehen, wie sie sich je nach Altersgruppe entwickeln.\nDie j\u00fcngeren Babys bleiben brav im Schutz der Mutter, <strong>die<\/strong> \u00e4lteren <strong>Babys<\/strong> wagen einige Fluchten und bieten uns einige lustige <strong>Spr\u00fcnge aus dem Wasser<\/strong>, w\u00e4hrend die Teenager sich gegenseitig provozieren und herumschubsen.   <\/p>\n\n<p>In den Aufwachphasen gibt es nat\u00fcrlich auch die Momente, auf <strong>die<\/strong> wir alle warten und <strong>die<\/strong> wir lieben <strong>,<\/strong> wenn <strong>die Delfine beschlie\u00dfen, uns in ihre Aktivit\u00e4ten und Spiele zu integrieren<\/strong>.\nIn diesen Momenten brauchen wir uns nicht zu bewegen, um ihnen <strong>zu<\/strong> folgen, <strong>sondern sie kommen uns entgegen<\/strong>.\nSie drehen sich und tanzen im Kreis um uns herum.\nSie stellen sich neben uns, so nah, dass sie uns manchmal streifen. <strong>Sie schauen uns Auge in Auge an<\/strong> oder stehen uns gegen\u00fcber und fordern uns mit einem Kopfnicken zu einem Spiel heraus.\nDiese Momente sind magisch, denn in dieser besonderen Beziehung schenken sie uns jedes Mal <strong>eine einzigartige Beziehung zu ihnen<\/strong>, in der wir dieses wunderbare Gef\u00fchl der bedingungslosen Liebe wahrnehmen k\u00f6nnen.    <\/p>\n\n<h3 class=\"wp-block-heading\"><strong>Die Lagune<\/strong><\/h3>\n\n<figure class=\"wp-block-image size-large\"><img decoding=\"async\" width=\"1024\" height=\"768\" src=\"https:\/\/dolphinlagoon.ch\/wp-content\/uploads\/2021\/09\/DSCN1019-1024x768.jpg\" alt=\"\" class=\"wp-image-29182\" srcset=\"https:\/\/dolphinlagoon.ch\/wp-content\/uploads\/2021\/09\/DSCN1019-1024x768.jpg 1024w, https:\/\/dolphinlagoon.ch\/wp-content\/uploads\/2021\/09\/DSCN1019-300x225.jpg 300w, https:\/\/dolphinlagoon.ch\/wp-content\/uploads\/2021\/09\/DSCN1019-768x576.jpg 768w, https:\/\/dolphinlagoon.ch\/wp-content\/uploads\/2021\/09\/DSCN1019-1536x1152.jpg 1536w, https:\/\/dolphinlagoon.ch\/wp-content\/uploads\/2021\/09\/DSCN1019-2048x1536.jpg 2048w\" sizes=\"(max-width: 1024px) 100vw, 1024px\" \/><\/figure>\n\n<p>Diese ruhige Lagune liegt 2 Stunden Bootsfahrt von unserem Abfahrtshafen entfernt.\nDie Tiefe betr\u00e4gt ca. 15 Meter.\n15 Meter tief, mit einer Wassertemperatur von ca. 28\u00b0 (30\u00b0 im Herbst), vermittelt sie das Gef\u00fchl, in <strong>einem kristallklaren Pool<\/strong> zu schwimmen.\nDie Lagune ist <strong>durch das Korallenriff vor den Wellen gesch\u00fctzt<\/strong>, weshalb die Kolonie von etwa 100 Delfinen tags\u00fcber hier spielt und sich ausruht.\nOft <strong>schwimmen die Delphine in der N\u00e4he des Bootes<\/strong>, als ob sie uns abholen w\u00fcrden.\nWenn dies nicht der Fall ist, bringt uns unser Zodiac durch die Lagune, um uns in der N\u00e4he der Delphingruppen abzusetzen.     <\/p>\n\n<h3 class=\"wp-block-heading\"><strong>Anmerkung zum Tauchen<\/strong><\/h3>\n\n<figure class=\"wp-block-image size-large\"><img decoding=\"async\" width=\"1024\" height=\"768\" src=\"https:\/\/dolphinlagoon.ch\/wp-content\/uploads\/2021\/09\/P1000787-1024x768.jpg\" alt=\"\" class=\"wp-image-29181\" srcset=\"https:\/\/dolphinlagoon.ch\/wp-content\/uploads\/2021\/09\/P1000787-1024x768.jpg 1024w, https:\/\/dolphinlagoon.ch\/wp-content\/uploads\/2021\/09\/P1000787-300x225.jpg 300w, https:\/\/dolphinlagoon.ch\/wp-content\/uploads\/2021\/09\/P1000787-768x576.jpg 768w, https:\/\/dolphinlagoon.ch\/wp-content\/uploads\/2021\/09\/P1000787-1536x1152.jpg 1536w, https:\/\/dolphinlagoon.ch\/wp-content\/uploads\/2021\/09\/P1000787-2048x1536.jpg 2048w\" sizes=\"(max-width: 1024px) 100vw, 1024px\" \/><\/figure>\n\n<p>Dieser Urlaub ist kein Tauchkurs. <strong>Die beste Art und Weise, Delfine zu treffen, ist das freie Schwimmen an der Oberfl\u00e4che<\/strong>, nur mit Maske und Schnorchel, um gut zu sehen und zu atmen, und Flossen, um sich fl\u00fcssiger fortzubewegen.\nSelbstverst\u00e4ndlich bieten wir Ihnen die <strong>M\u00f6glichkeit<\/strong>, mit unserem speziell ausgebildeten <strong>Tauchlehrer<\/strong> einen <strong>Schnuppertauchgang<\/strong> zu machen. <\/p>\n","protected":false},"excerpt":{"rendered":"<p>Die Delfine, die wir in der Lagune antreffen, stammen aus mehreren Gruppen von Langschnauzendelfinen (Stenella Longirostris). Sie sind v\u00f6llig frei und entscheiden sich aus freien St\u00fccken, jeden Tag oder fast jeden Tag zum Spielen und Ausruhen in die Lagune zu kommen. Wir sollten daher ihre Lebensweise und das Vertrauen, das sie uns entgegenbringen, respektieren. Bei [&hellip;]<\/p>\n","protected":false},"author":1,"featured_media":0,"parent":0,"menu_order":0,"comment_status":"closed","ping_status":"closed","template":"","meta":{"_monsterinsights_skip_tracking":false,"_monsterinsights_sitenote_active":false,"_monsterinsights_sitenote_note":"","_monsterinsights_sitenote_category":0,"footnotes":""},"class_list":["post-31752","page","type-page","status-publish","hentry"],"aioseo_notices":[],"_links":{"self":[{"href":"https:\/\/dolphinlagoon.ch\/de\/wp-json\/wp\/v2\/pages\/31752","targetHints":{"allow":["GET"]}}],"collection":[{"href":"https:\/\/dolphinlagoon.ch\/de\/wp-json\/wp\/v2\/pages"}],"about":[{"href":"https:\/\/dolphinlagoon.ch\/de\/wp-json\/wp\/v2\/types\/page"}],"author":[{"embeddable":true,"href":"https:\/\/dolphinlagoon.ch\/de\/wp-json\/wp\/v2\/users\/1"}],"replies":[{"embeddable":true,"href":"https:\/\/dolphinlagoon.ch\/de\/wp-json\/wp\/v2\/comments?post=31752"}],"version-history":[{"count":1,"href":"https:\/\/dolphinlagoon.ch\/de\/wp-json\/wp\/v2\/pages\/31752\/revisions"}],"predecessor-version":[{"id":31753,"href":"https:\/\/dolphinlagoon.ch\/de\/wp-json\/wp\/v2\/pages\/31752\/revisions\/31753"}],"wp:attachment":[{"href":"https:\/\/dolphinlagoon.ch\/de\/wp-json\/wp\/v2\/media?parent=31752"}],"curies":[{"name":"wp","href":"https:\/\/api.w.org\/{rel}","templated":true}]}}