{"id":31761,"date":"2021-08-02T14:35:48","date_gmt":"2021-08-02T12:35:48","guid":{"rendered":"https:\/\/dolphinlagoon.ch\/kontaktieren-sie-uns\/"},"modified":"2026-02-04T10:44:50","modified_gmt":"2026-02-04T09:44:50","slug":"kontaktieren-sie-uns","status":"publish","type":"page","link":"https:\/\/dolphinlagoon.ch\/de\/kontaktieren-sie-uns\/","title":{"rendered":"Kontaktieren Sie uns"},"content":{"rendered":"\t\t<div data-elementor-type=\"wp-page\" data-elementor-id=\"31761\" class=\"elementor elementor-31761 elementor-29111\" data-elementor-post-type=\"page\">\n\t\t\t\t<div class=\"elementor-element elementor-element-2d878d2 e-flex e-con-boxed e-con e-parent\" data-id=\"2d878d2\" data-element_type=\"container\" data-e-type=\"container\">\n\t\t\t\t\t<div class=\"e-con-inner\">\n\t\t\t\t<div class=\"elementor-element elementor-element-f5d0945 elementor-widget elementor-widget-text-editor\" data-id=\"f5d0945\" data-element_type=\"widget\" data-e-type=\"widget\" data-widget_type=\"text-editor.default\">\n\t\t\t\t<div class=\"elementor-widget-container\">\n\t\t\t\t\t\t\t\t\t<p>Sind Sie bereit zu buchen oder haben Sie noch ein paar Fragen an uns? Hier geht es weiter! Wir kommen bald auf Sie zur\u00fcck, versprochen \ud83d\ude42  <\/p>\t\t\t\t\t\t\t\t<\/div>\n\t\t\t\t<\/div>\n\t\t\t\t<div class=\"elementor-element elementor-element-121d61a elementor-widget elementor-widget-heading\" data-id=\"121d61a\" data-element_type=\"widget\" data-e-type=\"widget\" data-widget_type=\"heading.default\">\n\t\t\t\t<div class=\"elementor-widget-container\">\n\t\t\t\t\t<h3 class=\"elementor-heading-title elementor-size-default\">Postanschrift<\/h3>\t\t\t\t<\/div>\n\t\t\t\t<\/div>\n\t\t\t\t<div class=\"elementor-element elementor-element-24251c5 elementor-widget elementor-widget-text-editor\" data-id=\"24251c5\" data-element_type=\"widget\" data-e-type=\"widget\" data-widget_type=\"text-editor.default\">\n\t\t\t\t<div class=\"elementor-widget-container\">\n\t\t\t\t\t\t\t\t\t<p>Dolphin Lagoon &#8211; Karin Estoppey<br>Route de Neuch\u00e2tel 82<br>1008 Prilly<br>Mobile: +41 79 714 15 84<\/p>\t\t\t\t\t\t\t\t<\/div>\n\t\t\t\t<\/div>\n\t\t\t\t<div class=\"elementor-element elementor-element-66dc5bb elementor-widget elementor-widget-heading\" data-id=\"66dc5bb\" data-element_type=\"widget\" data-e-type=\"widget\" data-widget_type=\"heading.default\">\n\t\t\t\t<div class=\"elementor-widget-container\">\n\t\t\t\t\t<h3 class=\"elementor-heading-title elementor-size-default\">Kontaktformular<\/h3>\t\t\t\t<\/div>\n\t\t\t\t<\/div>\n\t\t\t\t<div class=\"elementor-element elementor-element-c4aa3a2 elementor-button-align-stretch elementor-widget elementor-widget-form\" data-id=\"c4aa3a2\" data-element_type=\"widget\" data-e-type=\"widget\" data-settings=\"{&quot;step_next_label&quot;:&quot;Weiter zu&quot;,&quot;step_previous_label&quot;:&quot;Vorherige&quot;,&quot;button_width&quot;:&quot;100&quot;,&quot;step_type&quot;:&quot;number_text&quot;,&quot;step_icon_shape&quot;:&quot;circle&quot;}\" data-widget_type=\"form.default\">\n\t\t\t\t<div class=\"elementor-widget-container\">\n\t\t\t\t\t\t\t<form class=\"elementor-form\" method=\"post\" name=\"Antrag auf Kreuzfahrt\" aria-label=\"Antrag auf Kreuzfahrt\">\n\t\t\t<input type=\"hidden\" name=\"post_id\" value=\"31761\"\/>\n\t\t\t<input type=\"hidden\" name=\"form_id\" value=\"c4aa3a2\"\/>\n\t\t\t<input type=\"hidden\" name=\"referer_title\" value=\"Kontaktieren Sie uns \u2023 Dolphin Lagoon\" \/>\n\n\t\t\t\t\t\t\t<input type=\"hidden\" name=\"queried_id\" value=\"31761\"\/>\n\t\t\t\n\t\t\t<div class=\"elementor-form-fields-wrapper elementor-labels-above\">\n\t\t\t\t\t\t\t\t<div class=\"elementor-field-type-text elementor-field-group elementor-column elementor-field-group-name elementor-col-50 elementor-field-required elementor-mark-required\">\n\t\t\t\t\t\t\t\t\t\t\t\t<label for=\"form-field-name\" class=\"elementor-field-label\">\n\t\t\t\t\t\t\t\tVorname\t\t\t\t\t\t\t<\/label>\n\t\t\t\t\t\t\t\t\t\t\t\t\t\t<input size=\"1\" type=\"text\" name=\"form_fields[name]\" id=\"form-field-name\" class=\"elementor-field elementor-size-lg  elementor-field-textual\" required=\"required\">\n\t\t\t\t\t\t\t\t\t\t\t<\/div>\n\t\t\t\t\t\t\t\t<div class=\"elementor-field-type-text elementor-field-group elementor-column elementor-field-group-field_172aea3 elementor-col-50 elementor-field-required elementor-mark-required\">\n\t\t\t\t\t\t\t\t\t\t\t\t<label for=\"form-field-field_172aea3\" class=\"elementor-field-label\">\n\t\t\t\t\t\t\t\tName\t\t\t\t\t\t\t<\/label>\n\t\t\t\t\t\t\t\t\t\t\t\t\t\t<input size=\"1\" type=\"text\" name=\"form_fields[field_172aea3]\" id=\"form-field-field_172aea3\" class=\"elementor-field elementor-size-lg  elementor-field-textual\" required=\"required\">\n\t\t\t\t\t\t\t\t\t\t\t<\/div>\n\t\t\t\t\t\t\t\t<div class=\"elementor-field-type-email elementor-field-group elementor-column elementor-field-group-email elementor-col-50 elementor-field-required elementor-mark-required\">\n\t\t\t\t\t\t\t\t\t\t\t\t<label for=\"form-field-email\" class=\"elementor-field-label\">\n\t\t\t\t\t\t\t\tE-Mail\t\t\t\t\t\t\t<\/label>\n\t\t\t\t\t\t\t\t\t\t\t\t\t\t<input size=\"1\" type=\"email\" name=\"form_fields[email]\" id=\"form-field-email\" class=\"elementor-field elementor-size-lg  elementor-field-textual\" required=\"required\">\n\t\t\t\t\t\t\t\t\t\t\t<\/div>\n\t\t\t\t\t\t\t\t<div class=\"elementor-field-type-tel elementor-field-group elementor-column elementor-field-group-field_37dd620 elementor-col-50 elementor-field-required elementor-mark-required\">\n\t\t\t\t\t\t\t\t\t\t\t\t<label for=\"form-field-field_37dd620\" class=\"elementor-field-label\">\n\t\t\t\t\t\t\t\tTelefon\t\t\t\t\t\t\t<\/label>\n\t\t\t\t\t\t\t\t<input size=\"1\" type=\"tel\" name=\"form_fields[field_37dd620]\" id=\"form-field-field_37dd620\" class=\"elementor-field elementor-size-lg  elementor-field-textual\" required=\"required\" pattern=\"[0-9()#&amp;+*-=.]+\" title=\"Nur Nummern oder Telefon-Zeichen (#, -, *, etc) werden akzeptiert.\">\n\n\t\t\t\t\t\t<\/div>\n\t\t\t\t\t\t\t\t<div class=\"elementor-field-type-select elementor-field-group elementor-column elementor-field-group-croisieredate elementor-col-100 elementor-field-required elementor-mark-required\">\n\t\t\t\t\t\t\t\t\t\t\t\t<label for=\"form-field-croisieredate\" class=\"elementor-field-label\">\n\t\t\t\t\t\t\t\tGew\u00fcnschte Kreuzfahrt\t\t\t\t\t\t\t<\/label>\n\t\t\t\t\t\t\t\t<div class=\"elementor-field elementor-select-wrapper remove-before \">\n\t\t\t<div class=\"select-caret-down-wrapper\">\n\t\t\t\t<i aria-hidden=\"true\" class=\"eicon-caret-down\"><\/i>\t\t\t<\/div>\n\t\t\t<select name=\"form_fields[croisieredate]\" id=\"form-field-croisieredate\" class=\"elementor-field-textual elementor-size-lg\" required=\"required\">\n\t\t\t\t\t\t\t\t\t<option value=\"[prochaines_croisieres]\"><option>Croisi\u00e8re classique du 25 April 2026 au 2 Mai 2026<\/option><option>Croisi\u00e8re classique du 16 au 23 Mai 2026<\/option><option>Croisi\u00e8re \u00e0 th\u00e8me du 24 au 31 Mai 2026<\/option><option>Croisi\u00e8re classique du 13 au 20 Juni 2026<\/option><option>Croisi\u00e8re classique du 20 au 27 Juni 2026<\/option><option>Croisi\u00e8re classique du 27 Juni 2026 au 4 Juli 2026<\/option><option>Croisi\u00e8re classique du 4 au 11 Juli 2026<\/option><option>Croisi\u00e8re classique du 11 au 18 Juli 2026<\/option><option>Croisi\u00e8re \u00e0 th\u00e8me du 19 au 26 Juli 2026<\/option><option>Croisi\u00e8re classique du 8 au 15 August 2026<\/option><option>Croisi\u00e8re classique du 29 August 2026 au 5 September 2026<\/option><option>Croisi\u00e8re \u00e0 th\u00e8me du 5 au 12 September 2026<\/option><option>Croisi\u00e8re classique du 12 au 19 September 2026<\/option><option>Croisi\u00e8re \u00e0 th\u00e8me du 26 September 2026 au 3 Oktober 2026<\/option><option>Croisi\u00e8re \u00e0 th\u00e8me du 26 September 2026 au 3 Oktober 2026<\/option><option>Croisi\u00e8re \u00e0 th\u00e8me du 3 au 10 Oktober 2026<\/option><option>Croisi\u00e8re \u00e0 th\u00e8me du 3 au 10 Oktober 2026<\/option><option>Croisi\u00e8re classique du 10 au 17 Oktober 2026<\/option><option>Croisi\u00e8re classique du 17 au 24 Oktober 2026<\/option><option>Croisi\u00e8re classique du 24 au 31 Oktober 2026<\/option><option>Croisi\u00e8re classique du 31 Oktober 2026 au 7 November 2026<\/option><\/option>\n\t\t\t\t\t\t\t<\/select>\n\t\t<\/div>\n\t\t\t\t\t\t<\/div>\n\t\t\t\t\t\t\t\t<div class=\"elementor-field-type-number elementor-field-group elementor-column elementor-field-group-field_bf53c86 elementor-col-50 elementor-field-required elementor-mark-required\">\n\t\t\t\t\t\t\t\t\t\t\t\t<label for=\"form-field-field_bf53c86\" class=\"elementor-field-label\">\n\t\t\t\t\t\t\t\tAnzahl der Erwachsenen\t\t\t\t\t\t\t<\/label>\n\t\t\t\t\t\t\t\t\t<input type=\"number\" name=\"form_fields[field_bf53c86]\" id=\"form-field-field_bf53c86\" class=\"elementor-field elementor-size-lg  elementor-field-textual\" required=\"required\" min=\"\" max=\"\" >\n\t\t\t\t\t\t<\/div>\n\t\t\t\t\t\t\t\t<div class=\"elementor-field-type-number elementor-field-group elementor-column elementor-field-group-field_4d4b8a7 elementor-col-50 elementor-field-required elementor-mark-required\">\n\t\t\t\t\t\t\t\t\t\t\t\t<label for=\"form-field-field_4d4b8a7\" class=\"elementor-field-label\">\n\t\t\t\t\t\t\t\tAnzahl der Kinder\t\t\t\t\t\t\t<\/label>\n\t\t\t\t\t\t\t\t\t<input type=\"number\" name=\"form_fields[field_4d4b8a7]\" id=\"form-field-field_4d4b8a7\" class=\"elementor-field elementor-size-lg  elementor-field-textual\" required=\"required\" min=\"\" max=\"\" >\n\t\t\t\t\t\t<\/div>\n\t\t\t\t\t\t\t\t<div class=\"elementor-field-type-radio elementor-field-group elementor-column elementor-field-group-field_df68610 elementor-col-100 elementor-field-required elementor-mark-required\">\n\t\t\t\t\t\t\t\t\t\t\t\t<label for=\"form-field-field_df68610\" class=\"elementor-field-label\">\n\t\t\t\t\t\t\t\tKabinentyp (je nach Verf\u00fcgbarkeit)\t\t\t\t\t\t\t<\/label>\n\t\t\t\t\t\t<div class=\"elementor-field-subgroup  \"><span class=\"elementor-field-option\"><input type=\"radio\" value=\"Pont-Inf\u00e9rieur Kabine geteilt mit 2 Personen (2 Einzelbetten) (ohne Zuschlag)\" id=\"form-field-field_df68610-0\" name=\"form_fields[field_df68610]\" required=\"required\"> <label for=\"form-field-field_df68610-0\">Pont-Inf\u00e9rieur Kabine geteilt mit 2 Personen (2 Einzelbetten) (ohne Zuschlag)<\/label><\/span><span class=\"elementor-field-option\"><input type=\"radio\" value=\"Pont-Inf\u00e9rieur Einzelkabine (+300.- \/ pers)\" id=\"form-field-field_df68610-1\" name=\"form_fields[field_df68610]\" required=\"required\"> <label for=\"form-field-field_df68610-1\">Pont-Inf\u00e9rieur Einzelkabine (+300.- \/ pers)<\/label><\/span><span class=\"elementor-field-option\"><input type=\"radio\" value=\"Pont-Inf\u00e9rieur Suite f\u00fcr Buchungen von 2 Personen (1 Doppelbett + 1 Einzelbett) (+300.- (+300.- \/ Kab)\" id=\"form-field-field_df68610-2\" name=\"form_fields[field_df68610]\" required=\"required\"> <label for=\"form-field-field_df68610-2\">Pont-Inf\u00e9rieur Suite f\u00fcr Buchungen von 2 Personen (1 Doppelbett + 1 Einzelbett) (+300.- (+300.- \/ Kab)<\/label><\/span><span class=\"elementor-field-option\"><input type=\"radio\" value=\"Suite im Unterdeck f\u00fcr 3 Personen (1 Doppelbett + 1 Einzelbett) (ohne Aufpreis)\" id=\"form-field-field_df68610-3\" name=\"form_fields[field_df68610]\" required=\"required\"> <label for=\"form-field-field_df68610-3\">Suite im Unterdeck f\u00fcr 3 Personen (1 Doppelbett + 1 Einzelbett) (ohne Aufpreis)<\/label><\/span><span class=\"elementor-field-option\"><input type=\"radio\" value=\"Kabine im Oberdeck f\u00fcr 2 Personen (2 Einzelbetten) (+300.- \/ Kab)\" id=\"form-field-field_df68610-4\" name=\"form_fields[field_df68610]\" required=\"required\"> <label for=\"form-field-field_df68610-4\">Kabine im Oberdeck f\u00fcr 2 Personen (2 Einzelbetten) (+300.- \/ Kab)<\/label><\/span><span class=\"elementor-field-option\"><input type=\"radio\" value=\"Kabine im Oberdeck f\u00fcr 2 Personen (1 Doppelbett) (+300.- \/ Kab)\" id=\"form-field-field_df68610-5\" name=\"form_fields[field_df68610]\" required=\"required\"> <label for=\"form-field-field_df68610-5\">Kabine im Oberdeck f\u00fcr 2 Personen (1 Doppelbett) (+300.- \/ Kab)<\/label><\/span><\/div>\t\t\t\t<\/div>\n\t\t\t\t\t\t\t\t<div class=\"elementor-field-type-textarea elementor-field-group elementor-column elementor-field-group-field_d0535f1 elementor-col-100\">\n\t\t\t\t\t\t\t\t\t\t\t\t<label for=\"form-field-field_d0535f1\" class=\"elementor-field-label\">\n\t\t\t\t\t\t\t\tAnmerkungen\t\t\t\t\t\t\t<\/label>\n\t\t\t\t\t\t<textarea class=\"elementor-field-textual elementor-field  elementor-size-lg\" name=\"form_fields[field_d0535f1]\" id=\"form-field-field_d0535f1\" rows=\"4\" placeholder=\"Wenn Sie Gutscheine haben, geben Sie bitte hier die Nummern an.\"><\/textarea>\t\t\t\t<\/div>\n\t\t\t\t\t\t\t\t<div class=\"elementor-field-group elementor-column elementor-field-type-submit elementor-col-100 e-form__buttons\">\n\t\t\t\t\t<button class=\"elementor-button elementor-size-lg\" type=\"submit\">\n\t\t\t\t\t\t<span class=\"elementor-button-content-wrapper\">\n\t\t\t\t\t\t\t\t\t\t\t\t\t\t\t\t\t\t\t\t\t\t<span class=\"elementor-button-text\">Senden Sie<\/span>\n\t\t\t\t\t\t\t\t\t\t\t\t\t<\/span>\n\t\t\t\t\t<\/button>\n\t\t\t\t<\/div>\n\t\t\t<\/div>\n\t\t<\/form>\n\t\t\t\t\t\t<\/div>\n\t\t\t\t<\/div>\n\t\t\t\t<div class=\"elementor-element elementor-element-3f9f0b1 elementor-widget elementor-widget-text-editor\" data-id=\"3f9f0b1\" data-element_type=\"widget\" data-e-type=\"widget\" data-widget_type=\"text-editor.default\">\n\t\t\t\t<div class=\"elementor-widget-container\">\n\t\t\t\t\t\t\t\t\t<p><em>NACHDEM Sie auf SENDEN geklickt haben, erhalten Sie eine Best\u00e4tigung, dass Ihr Formular erfolgreich versendet wurde (denken Sie daran, auch nach Spam zu suchen).  <\/em><\/p>\t\t\t\t\t\t\t\t<\/div>\n\t\t\t\t<\/div>\n\t\t\t\t\t<\/div>\n\t\t\t\t<\/div>\n\t\t\t\t<\/div>\n\t\t","protected":false},"excerpt":{"rendered":"<p>Sind Sie bereit zu buchen oder haben Sie noch ein paar Fragen an uns? Hier geht es weiter! Wir kommen bald auf Sie zur\u00fcck, versprochen \ud83d\ude42 Postanschrift Dolphin Lagoon &#8211; Karin EstoppeyRoute de Neuch\u00e2tel 821008 PrillyMobile: +41 79 714 15 84 Kontaktformular NACHDEM Sie auf SENDEN geklickt haben, erhalten Sie eine Best\u00e4tigung, dass Ihr Formular [&hellip;]<\/p>\n","protected":false},"author":1,"featured_media":0,"parent":0,"menu_order":0,"comment_status":"closed","ping_status":"closed","template":"","meta":{"_monsterinsights_skip_tracking":false,"_monsterinsights_sitenote_active":false,"_monsterinsights_sitenote_note":"","_monsterinsights_sitenote_category":0,"footnotes":""},"class_list":["post-31761","page","type-page","status-publish","hentry"],"aioseo_notices":[],"_links":{"self":[{"href":"https:\/\/dolphinlagoon.ch\/de\/wp-json\/wp\/v2\/pages\/31761","targetHints":{"allow":["GET"]}}],"collection":[{"href":"https:\/\/dolphinlagoon.ch\/de\/wp-json\/wp\/v2\/pages"}],"about":[{"href":"https:\/\/dolphinlagoon.ch\/de\/wp-json\/wp\/v2\/types\/page"}],"author":[{"embeddable":true,"href":"https:\/\/dolphinlagoon.ch\/de\/wp-json\/wp\/v2\/users\/1"}],"replies":[{"embeddable":true,"href":"https:\/\/dolphinlagoon.ch\/de\/wp-json\/wp\/v2\/comments?post=31761"}],"version-history":[{"count":15,"href":"https:\/\/dolphinlagoon.ch\/de\/wp-json\/wp\/v2\/pages\/31761\/revisions"}],"predecessor-version":[{"id":32501,"href":"https:\/\/dolphinlagoon.ch\/de\/wp-json\/wp\/v2\/pages\/31761\/revisions\/32501"}],"wp:attachment":[{"href":"https:\/\/dolphinlagoon.ch\/de\/wp-json\/wp\/v2\/media?parent=31761"}],"curies":[{"name":"wp","href":"https:\/\/api.w.org\/{rel}","templated":true}]}}