{"id":31766,"date":"2022-01-02T10:18:19","date_gmt":"2022-01-02T09:18:19","guid":{"rendered":"https:\/\/dolphinlagoon.ch\/flugticket-und-reisetipps\/"},"modified":"2024-09-17T18:24:38","modified_gmt":"2024-09-17T16:24:38","slug":"flugticket-und-reisetipps","status":"publish","type":"page","link":"https:\/\/dolphinlagoon.ch\/de\/flugticket-und-reisetipps\/","title":{"rendered":"Flugticket- und Reisetipps"},"content":{"rendered":"\n<h3 class=\"wp-block-heading\"><strong>Tipps und Informationen f\u00fcr die Suche nach Flug- und Reisepl\u00e4nen<\/strong><\/h3>\n\n<p>Sie m\u00fcssen nach einem Flug nach <strong>Hurghada<\/strong> oder <strong>Marsa Allam<\/strong> suchen.\nDie Verf\u00fcgbarkeit und die Preise f\u00fcr diese Fl\u00fcge h\u00e4ngen vom Buchungszeitraum ab. <\/p>\n\n<p><strong>Die Kreuzfahrten finden von der Hamata Marina (S\u00fcd\u00e4gypten) aus statt:<\/strong><\/p>\n\n<ul class=\"wp-block-list\"><li>4 Stunden mit dem Bus von <strong>Hurghada<\/strong><\/li><li>2 Std. mit dem Bus von <strong>Marsa Allam<\/strong><br\/><\/li><\/ul>\n\n<p><\/p>\n\n<p><strong>Wir holen Sie am Samstagnachmittag oder -abend am Flughafen oder dem Hotel Ihrer Wahl<\/strong> ab und bringen Sie am Ende des Tages zum Schiff.\nDas Schiff verl\u00e4sst die Marina am Sonntagmorgen.\nWenn Ihr Flugplan eine \u00dcbernachtung in einem Hotel erfordert, \u00fcberlassen wir es Ihnen, die notwendigen Reservierungen vorzunehmen.  <\/p>\n\n<p><strong>Am Ende des Aufenthalts<\/strong> werden wir am Freitagabend wieder in der Marina sein und noch auf dem Schiff schlafen.\nDie Fluggesellschaften bieten in der Regel Fl\u00fcge mit Abflug mitten in der Nacht an, was \u00fcberhaupt kein Problem ist.\nEs ist also durchaus m\u00f6glich, einen Flug in der Nacht von <strong>Freitag<\/strong> auf Samstag zu planen.<br\/>Am <strong>Samstag<\/strong> m\u00fcssen wir das Schiff im Laufe des Vormittags verlassen.\nWenn Ihr R\u00fcckflug am sp\u00e4ten Abend stattfindet, k\u00f6nnen Sie die Wartezeit in einem Tageshotel einplanen (ca. 15 \u20ac).\nDas Hotel muss von Ihnen selbst bezahlt werden, aber auf Wunsch reservieren wir es gerne f\u00fcr Sie.    <\/p>\n\n<p><\/p>\n\n<p>Sie k\u00f6nnen auch <strong>gute Flugkombinationen<\/strong> finden, wenn Sie am Samstag in <strong>Marsa Allam<\/strong> ankommen und am n\u00e4chsten Samstag von <strong>Hurghada<\/strong> zur\u00fcckfliegen.\nIch empfehle Ihnen in diesem Fall, nach One-Way-Fl\u00fcgen zu suchen.\nDas ist einfacher.\nZuerst einfache Strecke Mailand &#8211; Marsa Alam.\nDann einfacher Flug Hurghada &#8211; Genf.\nZum Beispiel.     <\/p>\n\n<p>Sie k\u00f6nnen alle Fl\u00fcge zur freien Auswahl auf der Website : <a href=\"http:\/\/www.skyscanner.com\/\" target=\"_blank\" rel=\"noreferrer noopener\"><strong>www.skyscanner.com<\/strong><\/a><\/p>\n\n<p>  <\/p>\n\n<h3 class=\"wp-block-heading\"><strong>Fl\u00fcge Genf &#8211; Hurghada :<\/strong><\/h3>\n\n<p><strong>Easy Jet<\/strong>: von Samstag bis Samstag.\nDies sind die besten Flugzeiten, aber manchmal auch teuer.   <br\/><strong>Turkish Airlines: <\/strong> Abflug am sp\u00e4ten Freitagnachmittag von Genf, Ankunft in Hurghada gegen 3 Uhr morgens.  <br\/><strong>Egypt Air<\/strong>: Abflug am Freitag Nachmittag und Ankunft am Abend in Hurghada.  <br\/><strong>Brussel Airlines<\/strong>: (\u00fcber Z\u00fcrich) samstags tags\u00fcber<\/p>\n\n<p>Wenn Sie in der Nacht ankommen, buchen Sie ein Hotel in Hurghada (ca. 30 \u20ac\/Zimmer), wo Sie die Nacht ausklingen lassen k\u00f6nnen, bevor Sie am Nachmittag frisch und ausgeruht abgeholt werden.<br\/>(Buchen Sie einen Transfer vom Flughafen zu Ihrem Hotel, ca. 15 \u20ac\/ Bus: www.urlaubstransfers.de)<\/p>\n\n<p>  <\/p>\n\n<h3 class=\"wp-block-heading\"><strong>Fl\u00fcge Mailand (Malpensa) &#8211; Marsa Allam :<\/strong><\/h3>\n\n<p><strong>So kommen Sie von Lausanne aus leicht nach Mailand<\/strong><\/p>\n\n<p>Lausanne &#8211; Domodossola: <br\/>mit dem SBB-Zug (ca. 30 Fr.\/Fahrt)<\/p>\n\n<p>Domodossola &#8211; Mailand Flughafen: <br\/>mit direktem Bus (ca. 15 \u20ac\/Fahrt) Pl\u00e4tze zu buchen unter <a rel=\"noreferrer noopener\" href=\"http:\/\/www.comazzibus.com\/\" target=\"_blank\">www.comazzibus.com<\/a><\/p>\n\n<p>Die folgenden Fluggesellschaften bieten sehr interessante Flugpl\u00e4ne und Preise an Milan &#8211; Mars Allam :  <\/p>\n\n<p><strong>Meridiana<\/strong>, <strong>Neos, Alba Star, Air Italy <\/strong>und<strong> Air Cairo <\/strong> <br\/>von Samstag bis Samstag\/Sonntag  <\/p>\n\n<p><\/p>\n\n<p>Besuchen Sie bitte direkt die Webseite von <a rel=\"noreferrer noopener\" href=\"http:\/\/www.skyscanner.com\/\" target=\"_blank\"><strong>www.skyscanner.com<\/strong> <\/a>und\/oder am SBB-Bahnhof, um den Transport Ihrer Wahl zu buchen.<\/p>\n\n<p>  <\/p>\n\n<h3 class=\"wp-block-heading\"><strong>Fl\u00fcge Paris &#8211; Hurghada :<\/strong><\/h3>\n\n<p><strong>Al Masaria<\/strong>: von Samstag bis Samstag, bietet sehr interessante \u00d6ffnungszeiten und Preise.<\/p>\n\n<p><strong>Paris &#8211; Mailand<\/strong> mit Easy Jet Billigfl\u00fcge<\/p>\n","protected":false},"excerpt":{"rendered":"<p>Tipps und Informationen f\u00fcr die Suche nach Flug- und Reisepl\u00e4nen Sie m\u00fcssen nach einem Flug nach Hurghada oder Marsa Allam suchen. Die Verf\u00fcgbarkeit und die Preise f\u00fcr diese Fl\u00fcge h\u00e4ngen vom Buchungszeitraum ab. Die Kreuzfahrten finden von der Hamata Marina (S\u00fcd\u00e4gypten) aus statt: 4 Stunden mit dem Bus von Hurghada 2 Std. mit dem Bus [&hellip;]<\/p>\n","protected":false},"author":2,"featured_media":0,"parent":0,"menu_order":0,"comment_status":"closed","ping_status":"closed","template":"","meta":{"_monsterinsights_skip_tracking":false,"_monsterinsights_sitenote_active":false,"_monsterinsights_sitenote_note":"","_monsterinsights_sitenote_category":0,"footnotes":""},"class_list":["post-31766","page","type-page","status-publish","hentry"],"aioseo_notices":[],"_links":{"self":[{"href":"https:\/\/dolphinlagoon.ch\/de\/wp-json\/wp\/v2\/pages\/31766","targetHints":{"allow":["GET"]}}],"collection":[{"href":"https:\/\/dolphinlagoon.ch\/de\/wp-json\/wp\/v2\/pages"}],"about":[{"href":"https:\/\/dolphinlagoon.ch\/de\/wp-json\/wp\/v2\/types\/page"}],"author":[{"embeddable":true,"href":"https:\/\/dolphinlagoon.ch\/de\/wp-json\/wp\/v2\/users\/2"}],"replies":[{"embeddable":true,"href":"https:\/\/dolphinlagoon.ch\/de\/wp-json\/wp\/v2\/comments?post=31766"}],"version-history":[{"count":1,"href":"https:\/\/dolphinlagoon.ch\/de\/wp-json\/wp\/v2\/pages\/31766\/revisions"}],"predecessor-version":[{"id":31767,"href":"https:\/\/dolphinlagoon.ch\/de\/wp-json\/wp\/v2\/pages\/31766\/revisions\/31767"}],"wp:attachment":[{"href":"https:\/\/dolphinlagoon.ch\/de\/wp-json\/wp\/v2\/media?parent=31766"}],"curies":[{"name":"wp","href":"https:\/\/api.w.org\/{rel}","templated":true}]}}