{"id":31772,"date":"2021-11-18T17:50:36","date_gmt":"2021-11-18T16:50:36","guid":{"rendered":"https:\/\/dolphinlagoon.ch\/schwimmen-mit-freien-delfinen-und-die-freude-eines-kindes-wiederfinden\/"},"modified":"2024-09-17T18:25:27","modified_gmt":"2024-09-17T16:25:27","slug":"schwimmen-mit-freien-delfinen-und-die-freude-eines-kindes-wiederfinden","status":"publish","type":"page","link":"https:\/\/dolphinlagoon.ch\/de\/liste-der-termine\/schwimmen-mit-freien-delfinen-und-die-freude-eines-kindes-wiederfinden\/","title":{"rendered":"Schwimmen mit freien Delfinen und die Freude eines Kindes wiederfinden"},"content":{"rendered":"\n<h3 class=\"wp-block-heading\">Kreuzfahrt im Roten Meer, \u00c4gypten<\/h3>\n\n<h3 class=\"wp-block-heading\">Geleitet und moderiert vom Dolphin Lagoon-Team<\/h3>\n\n<p>&#8222;<em>Dieses Abenteuer ist eine Begegnung mit sich selbst und mit dem inneren Gl\u00fcck, denn die Begegnung <\/em><em>mit freien Delfinen <\/em><em>durch <\/em><em>eine respektvolle Ann\u00e4herung \u00f6ffnet uns die T\u00fcr zu unseren Herzen und zur <\/em><em>essentiellen Kommunikation&#8220;<\/em><br\/>Karin Estoppey<\/p>\n\n<p>Eine Gelegenheit, <strong>ein gro\u00dfartiges Abenteuer<\/strong> f\u00fcr sich selbst oder gemeinsam mit der Familie oder Freunden zu erleben.<\/p>\n\n<p>Wir freuen uns, Ihnen eine Kreuzfahrt zum <strong>Schwimmen mit wilden Delfinen<\/strong> in einer ruhigen, durchsichtigen Lagune des Roten Meeres (\u00c4gypten &#8211; Gro\u00dfer S\u00fcden) anbieten zu k\u00f6nnen <strong>.<\/strong><\/p>\n\n<p>Bei unserer Betreuung legen wir besonderen Wert auf einen respektvollen Umgang mit Delfinen. <a href=\"https:\/\/old.dolphinlagoon.ch\/about-2\/approche-et-respect-des-dauphins\/\"><strong>Respektvoller Umgang mit Delfinen<\/strong><\/a> Dies erm\u00f6glicht uns, sch\u00f6ne Begegnungen zu f\u00f6rdern und die energetische Kommunikation ihrer bedingungslosen Liebe zu entdecken.\nWir bieten Ihnen einen qualitativ hochwertigen Unterricht, der es Ihnen erm\u00f6glicht, den Delfinen unter optimalen nat\u00fcrlichen Bedingungen zu begegnen. <\/p>\n\n<figure class=\"wp-block-image size-large\"><img fetchpriority=\"high\" decoding=\"async\" width=\"1024\" height=\"768\" src=\"https:\/\/dolphinlagoon.ch\/wp-content\/uploads\/2021\/11\/GOPR0146-2-1024x768.jpg\" alt=\"\" class=\"wp-image-29531\" srcset=\"https:\/\/dolphinlagoon.ch\/wp-content\/uploads\/2021\/11\/GOPR0146-2-1024x768.jpg 1024w, https:\/\/dolphinlagoon.ch\/wp-content\/uploads\/2021\/11\/GOPR0146-2-300x225.jpg 300w, https:\/\/dolphinlagoon.ch\/wp-content\/uploads\/2021\/11\/GOPR0146-2-768x576.jpg 768w, https:\/\/dolphinlagoon.ch\/wp-content\/uploads\/2021\/11\/GOPR0146-2-1536x1152.jpg 1536w, https:\/\/dolphinlagoon.ch\/wp-content\/uploads\/2021\/11\/GOPR0146-2-2048x1536.jpg 2048w\" sizes=\"(max-width: 1024px) 100vw, 1024px\" \/><\/figure>\n\n<p>Die Hauptaktivit\u00e4t der Kreuzfahrt ist das Schwimmen mit Delfinen und die Entdeckung der Fische und Korallen in der Lagune.\nAber kein Ausflug ist obligatorisch, jeder gestaltet seinen Tag nach seinen W\u00fcnschen und seinem Wohlbefinden.\nDie Schwimmtechnik besteht aus einer einfachen Ausr\u00fcstung: <strong>Maske, Schnorchel<\/strong> und Flossen.\nDiese Technik ist ideal, um sich Delfinen zu n\u00e4hern, denn wir f\u00fchlen uns <strong>frei, wie die<\/strong> Delfine.\nEs handelt sich nicht um eine Tauchkreuzfahrt.    <\/p>\n\n<p><br\/>Wenn Sie m\u00f6chten, k\u00f6nnen Sie w\u00e4hrend Ihres Aufenthaltes auch die Grundtechniken des Freitauchens erlernen, mit denen Sie leicht mehrere Meter tief tauchen k\u00f6nnen.<\/p>\n\n<h3 class=\"wp-block-heading\"><br\/><strong>Licht und Wohlwollen.<\/strong> <\/h3>\n\n<p>Durch unsere Komplementarit\u00e4t und die \u00dcbereinstimmung unserer Ideen \u00fcber Ethik und die Begleitung von Menschen, ist es Hassan und Karin ein Anliegen, <strong>die Individualit\u00e4t eines jeden zu respektieren<\/strong>.\nWir m\u00f6chten auf die Bed\u00fcrfnisse jedes einzelnen Teilnehmers eingehen, um ihnen eine sch\u00f6ne Kreuzfahrt zu bieten, die es ihnen erm\u00f6glicht, <strong>eine Woche wahres Gl\u00fcck zu<\/strong> erleben und ihre kindliche Freude wiederzufinden. <\/p>\n\n<p>&#8222;Die Entdeckung der Unterwasserwelt und die Begegnung mit den wilden Delfinen und ihrer bedingungslosen Liebe haben mein Leben ver\u00e4ndert. Heute m\u00f6chte ich diese au\u00dfergew\u00f6hnliche Erfahrung der Kommunikation \u00fcber die Sinne und das intensive Gl\u00fcck, das uns die Gegenwart und die Energie der wilden Delfine schenkt, mit anderen teilen. &#8222;<\/p>\n\n<figure class=\"wp-block-image size-full\"><img decoding=\"async\" width=\"768\" height=\"1024\" src=\"https:\/\/dolphinlagoon.ch\/wp-content\/uploads\/2021\/10\/P1160678-768x1024-1.jpg\" alt=\"\" class=\"wp-image-29377\" srcset=\"https:\/\/dolphinlagoon.ch\/wp-content\/uploads\/2021\/10\/P1160678-768x1024-1.jpg 768w, https:\/\/dolphinlagoon.ch\/wp-content\/uploads\/2021\/10\/P1160678-768x1024-1-225x300.jpg 225w\" sizes=\"(max-width: 768px) 100vw, 768px\" \/><\/figure>\n\n<h3 class=\"wp-block-heading\">Programm und Ablauf der Woche<\/h3>\n\n<p>Nachstehend finden Sie weitere Informationen \u00fcber die Einzelheiten der Organisation dieses gro\u00dfartigen Abenteuers und den Ablauf eines Tages.<\/p>\n\n<p>Nach Ihrer Ankunft am Flughafen werden Sie direkt zum Schiff gebracht, auf dem Sie Ihre Schuhe f\u00fcr Ihren gesamten Aufenthalt ausziehen k\u00f6nnen.<\/p>\n\n<p><strong>Eine Kreuzfahrt auf einem komfortablen Boot<\/strong>, das in der Delphinlagune vor Anker geht.<\/p>\n\n<p>Diese ruhige Lagune liegt 3 Stunden Bootsfahrt von unserem Abfahrtshafen entfernt.\nDie Tiefe betr\u00e4gt ca. 15 Meter.\nDie Wassertemperatur betr\u00e4gt ca. 28\u00b0 C (30\u00b0 C im Herbst) und ist 15 Meter tief.  <\/p>\n\n<p>Die Lagune ist durch das Korallenriff vor den Wellen gesch\u00fctzt, weshalb die Kolonie von etwa 100 Delfinen hier tags\u00fcber spielt und sich ausruht.<\/p>\n\n<p><br\/>Oft schwimmen die Delphine in der N\u00e4he des Bootes, als ob sie uns abholen w\u00fcrden.\nWenn dies nicht der Fall ist, bringt uns unser Zodiac durch die Lagune in die N\u00e4he der Delphingruppen, so dass wir ins Wasser gehen und mit ihnen schwimmen k\u00f6nnen.   <\/p>\n\n<p>\u00a0<\/p>\n\n<h3 class=\"wp-block-heading\">Aktivit\u00e4ten der Woche<\/h3>\n\n<p>W\u00e4hrend der Woche bieten wir Ihnen, je nach den M\u00f6glichkeiten des Programms, auch folgende Aktivit\u00e4ten an:<br\/>&#8211; Schnuppertauchen<br\/>&#8211; Entdeckung der Korallenriffe mit ihren bunten Fischen<br\/>&#8211; Schwimmen mit Schildkr\u00f6ten oder Rochen<br\/>&#8211; Pr\u00e4sentation \u00fcber Delfine<br\/>&#8211; Filme und Reportagen nach Wahl<br\/>&#8211; Abend auf einer einsamen Insel (je nach M\u00f6glichkeiten des Programms)<\/p>\n\n<p><br\/> <\/p>\n\n<figure class=\"wp-block-image size-large\"><img decoding=\"async\" width=\"1024\" height=\"498\" src=\"https:\/\/dolphinlagoon.ch\/wp-content\/uploads\/2021\/11\/20211029_143124-1024x498.jpg\" alt=\"\" class=\"wp-image-29548\" srcset=\"https:\/\/dolphinlagoon.ch\/wp-content\/uploads\/2021\/11\/20211029_143124-1024x498.jpg 1024w, https:\/\/dolphinlagoon.ch\/wp-content\/uploads\/2021\/11\/20211029_143124-300x146.jpg 300w, https:\/\/dolphinlagoon.ch\/wp-content\/uploads\/2021\/11\/20211029_143124-768x373.jpg 768w, https:\/\/dolphinlagoon.ch\/wp-content\/uploads\/2021\/11\/20211029_143124-1536x747.jpg 1536w, https:\/\/dolphinlagoon.ch\/wp-content\/uploads\/2021\/11\/20211029_143124-2048x996.jpg 2048w\" sizes=\"(max-width: 1024px) 100vw, 1024px\" \/><\/figure>\n\n<p>Wir haben auch eine <strong>klassische Gitarre<\/strong>, ein <strong>elektronisches Klavier<\/strong> und sogar ein <strong>Didgeridoo<\/strong>.<br\/>Mittel zur Verf\u00fcgung stellen, um seine Freude auszudr\u00fccken &#8230; DolphinLagoon ist auch das!<\/p>\n\n<p>Da das Schiff w\u00e4hrend des gesamten Aufenthalts in der Lagune vor Anker liegt, verbringen Sie die N\u00e4chte an Bord des Schiffes, mitten im Meer, gesch\u00fctzt durch die Lagune.\nSie geben uns Ruhe und das wunderbare Gef\u00fchl, allein im Paradies zu sein.\nEs ist eine wunderbare Gelegenheit, die Sterne zu beobachten, da kein Licht um uns herum diesen herrlichen Anblick st\u00f6rt.\nEs ist durchaus m\u00f6glich, unter dem Sternenhimmel auf einem der oberen Decks des Schiffes zu schlafen.   <\/p>\n\n<figure class=\"wp-block-image size-large\"><img loading=\"lazy\" decoding=\"async\" width=\"1024\" height=\"768\" src=\"https:\/\/dolphinlagoon.ch\/wp-content\/uploads\/2021\/11\/FBGOPR1772-1024x768.jpg\" alt=\"\" class=\"wp-image-29547\" srcset=\"https:\/\/dolphinlagoon.ch\/wp-content\/uploads\/2021\/11\/FBGOPR1772-1024x768.jpg 1024w, https:\/\/dolphinlagoon.ch\/wp-content\/uploads\/2021\/11\/FBGOPR1772-300x225.jpg 300w, https:\/\/dolphinlagoon.ch\/wp-content\/uploads\/2021\/11\/FBGOPR1772-768x576.jpg 768w, https:\/\/dolphinlagoon.ch\/wp-content\/uploads\/2021\/11\/FBGOPR1772-1536x1152.jpg 1536w, https:\/\/dolphinlagoon.ch\/wp-content\/uploads\/2021\/11\/FBGOPR1772-2048x1536.jpg 2048w\" sizes=\"(max-width: 1024px) 100vw, 1024px\" \/><\/figure>\n\n<p>Das Schiff ist mit komfortablen Doppelkabinen ausgestattet, die klimatisiert sind und jeweils \u00fcber ein eigenes Bad mit Dusche und WC verf\u00fcgen.<\/p>\n\n<p>Die sehr engagierte und kompetente Besatzung ist ein wichtiger Bestandteil des Erfolgs der Kreuzfahrten, da ihre Freundlichkeit und Hingabe direkt zur Magie und dem guten Geist dieser Erfahrung auf See beitragen.<\/p>\n\n<h3 class=\"wp-block-heading\"><strong>Angst vor Langeweile auf der Kreuzfahrt?<\/strong><\/h3>\n\n<h3 class=\"wp-block-heading\"><strong>Hier ist ein Tagesablauf, um Ihnen eine Vorstellung davon zu geben:<\/strong><\/h3>\n\n<p>Die Zeitpl\u00e4ne \u00fcberraschen jeden, aber Sie werden feststellen, dass dieser Zeitplan f\u00fcr unsere Aktivit\u00e4ten v\u00f6llig angemessen ist.\nUnd alle Teilnehmer sind am\u00fcsiert, wie einfach und nat\u00fcrlich es f\u00fcr sie ist, so fr\u00fch aufzustehen.\nSelbst Langschl\u00e4fer finden sich hier harmonisch wieder.\nSo ist es!   <\/p>\n\n<p> <strong>2 bis 3 Ausfl\u00fcge pro Tag <\/strong>: Das folgende Programm zeigt einen Tag mit 3 Ausfl\u00fcgen.\nDie Erfahrung hat uns jedoch gelehrt, dass wir je nach Bedingungen manchmal nur 2 Delphinausfl\u00fcge pro Tag anbieten, um optimale Bedingungen zu schaffen und wirklich sch\u00f6ne Begegnungen mit den Delphinen zu erm\u00f6glichen.\nSelbstverst\u00e4ndlich k\u00f6nnen Sie das Wasser auch au\u00dferhalb der Gruppenausfl\u00fcge individuell genie\u00dfen.    <\/p>\n\n<p><strong>5.30 Uhr Aufwachen<\/strong>.\nWir springen in unseren Badeanzug als einziges Kleidungsst\u00fcck und gehen hinunter in den Salon, um einen Tee oder Kaffee zu trinken, den Sonnenaufgang zu sehen und uns auf die erste Fahrt vorzubereiten. <\/p>\n\n<p><strong>6.15 Uhr Abfahrt mit dem Zodiac.<\/strong>  Wir fahren zwischen 5 und 20 Minuten, um die Delfine zu sehen, die gerade in die Lagune kommen, dann gehen wir ins Wasser.\nWenn sich die Delfine in der Schlafphase befinden, sind sie still und schwimmen ruhig in einer engen, harmonischen Gruppe und tauchen regelm\u00e4\u00dfig auf, um zu atmen.\nEs ist sehr wichtig, ihre Ruhe zu respektieren.\nIn dieser Zeit, in der Sie die Tiere beobachten k\u00f6nnen, bitten wir Sie, sie nicht zum Spielen zu provozieren.\nEs ist jedoch m\u00f6glich, sanft an ihrer Seite zu schwimmen, ohne die Harmonie der Gruppe zu st\u00f6ren.\nManchmal akzeptieren sie uns in vollem Vertrauen und dr\u00fccken ein Auge zu.     <\/p>\n\n<p><strong>7.30 Uhr (oder 8.00 Uhr, je nach unseren Begegnungen) R\u00fcckkehr zum Schiff,<\/strong> wo wir uns f\u00fcr das Fr\u00fchst\u00fcck vorbereiten und uns mit viel Freude und Aufregung \u00fcber die Magie unserer Erlebnisse austauschen.<\/p>\n\n<p><strong>8.00 Uhr Wohlverdientes Fr\u00fchst\u00fcck<\/strong> (eventuell Wecken von Sp\u00e4taufstehern, die im Bett bleiben wollten)<\/p>\n\n<p>Nach der ersten Mahlzeit sind sich alle einig, dass sie eine notwendige und verdiente Ruhepause brauchen.\nDie meisten werden sich auf ein Sofa legen, um sich zu unterhalten, Musik zu h\u00f6ren, die ersten Fotos anzusehen oder zu schlafen. <\/p>\n\n<p><br\/><strong>10.00 Uhr Wir l\u00e4uten die Glocke <\/strong>, um alle aufzurufen, ihre Ruhephase zu beenden und sich auf den zweiten Ausflug mit dem Zodiac vorzubereiten, also gehen Sie auf die Suche nach Ihrer Sonnencreme, Ihrer Maske, Ihren Flossen, ach ja, Ihrem Fotoapparat und vergessen Sie nicht eine Flasche Wasser f\u00fcr den Fall der F\u00e4lle&#8230;<\/p>\n\n<figure class=\"wp-block-image size-large\"><img loading=\"lazy\" decoding=\"async\" width=\"1024\" height=\"768\" src=\"https:\/\/dolphinlagoon.ch\/wp-content\/uploads\/2021\/11\/P1200833-1024x768.jpg\" alt=\"\" class=\"wp-image-29545\" srcset=\"https:\/\/dolphinlagoon.ch\/wp-content\/uploads\/2021\/11\/P1200833-1024x768.jpg 1024w, https:\/\/dolphinlagoon.ch\/wp-content\/uploads\/2021\/11\/P1200833-300x225.jpg 300w, https:\/\/dolphinlagoon.ch\/wp-content\/uploads\/2021\/11\/P1200833-768x576.jpg 768w, https:\/\/dolphinlagoon.ch\/wp-content\/uploads\/2021\/11\/P1200833-1536x1152.jpg 1536w, https:\/\/dolphinlagoon.ch\/wp-content\/uploads\/2021\/11\/P1200833-2048x1536.jpg 2048w\" sizes=\"(max-width: 1024px) 100vw, 1024px\" \/><\/figure>\n\n<p><strong>10.22 Uhr Abfahrt des Zodiacs.<\/strong>  Wir segeln zu den Delfinen.\nWenn die Delfine wach sind, kann man verschiedene Situationen beobachten.\nDies f\u00fchrt zu Verfolgungsjagden und &#8222;Saladen&#8220; von Delfinen, die miteinander interagieren, manchmal auch mit harten Bandagen.  <\/p>\n\n<p>Beginnen Sie zu schreiben oder geben Sie &#8222;\/&#8220; ein, um einen Block zu w\u00e4hlen.  <\/p>\n\n<p><br\/>Es ist sehr am\u00fcsant, die Tiere in diesen Momenten zu beobachten und zu sehen, wie sie sich je nach Altersgruppe entwickeln.\nDie j\u00fcngeren Babys bleiben brav im Schutz der Mutter, die \u00e4lteren Babys wagen einige Fluchten und bieten uns einige lustige Spr\u00fcnge aus dem Wasser, w\u00e4hrend die Teenager sich gegenseitig provozieren und herumschubsen. <\/p>\n\n<p>In den Aufwachphasen gibt es nat\u00fcrlich auch die Momente, auf <strong>die<\/strong> wir alle warten und <strong>die<\/strong> wir lieben <strong>,<\/strong> wenn <strong>die Delfine sich entschlie\u00dfen, uns in ihre Aktivit\u00e4ten und Spiele einzubeziehen<\/strong>.\nIn diesen Momenten brauchen wir uns nicht zu bewegen, um ihnen zu folgen, sondern sie kommen uns entgegen.   <strong>Sie drehen sich und tanzen im Kreis um uns herum.\nSie stehen neben uns, so nah, dass sie uns manchmal streifen. <\/strong>  Sie kommen <strong>,<\/strong> um <strong>uns Auge in Auge zu betrachten<\/strong> oder uns gegen\u00fcber und fordern uns mit einem Kopfnicken zum Spiel heraus.\nDiese Momente sind magisch, denn in dieser besonderen Beziehung schenken sie uns jedes Mal eine einzigartige Beziehung zu ihnen, in der wir das wunderbare Gef\u00fchl der bedingungslosen Liebe sp\u00fcren k\u00f6nnen. <\/p>\n\n<figure class=\"wp-block-image size-large\"><img loading=\"lazy\" decoding=\"async\" width=\"1024\" height=\"768\" src=\"https:\/\/dolphinlagoon.ch\/wp-content\/uploads\/2021\/11\/P10005962-1024x768.jpg\" alt=\"\" class=\"wp-image-29538\" srcset=\"https:\/\/dolphinlagoon.ch\/wp-content\/uploads\/2021\/11\/P10005962-1024x768.jpg 1024w, https:\/\/dolphinlagoon.ch\/wp-content\/uploads\/2021\/11\/P10005962-300x225.jpg 300w, https:\/\/dolphinlagoon.ch\/wp-content\/uploads\/2021\/11\/P10005962-768x576.jpg 768w, https:\/\/dolphinlagoon.ch\/wp-content\/uploads\/2021\/11\/P10005962-1536x1152.jpg 1536w, https:\/\/dolphinlagoon.ch\/wp-content\/uploads\/2021\/11\/P10005962-2048x1536.jpg 2048w\" sizes=\"(max-width: 1024px) 100vw, 1024px\" \/><\/figure>\n\n<p><strong>12.00 Uhr R\u00fcckkehr zum Schiff<\/strong>.\nDas K\u00fcchenteam freut sich, dass wir wieder da sind, denn es wartet eine warme Mahlzeit auf uns.\nGegen 12.30 Uhr sind wir nach einem Plausch, Fruchts\u00e4ften und trockenen Kleidern bereit f\u00fcr das Essen.\nMmmh, guten Appetit!   <\/p>\n\n<p>Nach dem Essen ist sich die Gruppe immer einig, dass sie eine notwendige Ruhezeit einfordert.<\/p>\n\n<p><strong>14.30 Uhr Wir l\u00e4uten die Glocke<\/strong>, um Sie aus Ihrer Lethargie zu wecken.\nEs ist Zeit, sich auf unseren <sup>dritten<\/sup> Ausflug ins Wasser vorzubereiten.\nJe nach Lust und Laune der Gruppe, der Auslastung der Lagune oder der Haltung der Delfine, zeigen wir Ihnen manchmal andere sch\u00f6ne Teile der Lagune, kleine Buchten und schwimmen mit Ihnen zu den Korallenriffen, um die anderen Lebewesen der Lagune zu treffen, die wundersch\u00f6nen Fische und die bunten Korallen, manchmal auch die Schildkr\u00f6ten.\nManche G\u00e4ste ziehen es vor, sich weiter auszuruhen (doch, das Meer macht sehr m\u00fcde!) und entscheiden sich f\u00fcr einen Lesenachmittag oder sehen sich einen Film oder eine Reportage im Salon des Schiffes an.   <\/p>\n\n<p><strong>16.00 Uhr R\u00fcckkehr zum Schiff<\/strong>, wo ein Snack auf uns wartet.\nDie Delfine verlassen die Lagune, um auf hoher See zu jagen und wir k\u00f6nnen uns frei besch\u00e4ftigen. <\/p>\n\n<p>Einige spielen noch bis zum Einbruch der Dunkelheit im Wasser hinter dem Boot, einige bereiten sich auf die Dusche vor, w\u00e4hrend andere sich f\u00fcr den Aperitif organisieren oder Fotos austauschen.<\/p>\n\n<p>Es ist auch eine Zeit, in der Workshops zu verschiedenen Themen angeboten werden und oftmals werden auch eklektische und multikulturelle Tanzpartien improvisiert, die sehr lebhaft und unterhaltsam sind.\nEs ist zu beachten, dass es gegen 17.30 Uhr dunkel wird. <\/p>\n\n<figure class=\"wp-block-image size-large\"><img loading=\"lazy\" decoding=\"async\" width=\"1024\" height=\"768\" src=\"https:\/\/dolphinlagoon.ch\/wp-content\/uploads\/2021\/11\/P1060091-1024x768.jpg\" alt=\"\" class=\"wp-image-29539\" srcset=\"https:\/\/dolphinlagoon.ch\/wp-content\/uploads\/2021\/11\/P1060091-1024x768.jpg 1024w, https:\/\/dolphinlagoon.ch\/wp-content\/uploads\/2021\/11\/P1060091-300x225.jpg 300w, https:\/\/dolphinlagoon.ch\/wp-content\/uploads\/2021\/11\/P1060091-768x576.jpg 768w, https:\/\/dolphinlagoon.ch\/wp-content\/uploads\/2021\/11\/P1060091-1536x1152.jpg 1536w, https:\/\/dolphinlagoon.ch\/wp-content\/uploads\/2021\/11\/P1060091-2048x1536.jpg 2048w\" sizes=\"(max-width: 1024px) 100vw, 1024px\" \/><\/figure>\n\n<p><strong>19.00 Uhr Der Chefkoch und sein K\u00fcchenteam<\/strong> bereiten ein k\u00f6stliches warmes Buffet mit einer Vielzahl von Gerichten vor.<\/p>\n\n<p>Der Rest des Abends wird je nach den spontanen W\u00fcnschen und der M\u00fcdigkeit der Gruppe gestaltet: Spiele, Musik und Tanz auf dem Deck unter dem Mond und den Sternen, Austausch und Diskussionen auf den Sofas der Achterdecks oder ein fr\u00fcher Schlaf in der Kabine.<\/p>\n\n<p>  Wenn Sie sich ein Bild von den organisatorischen Details dieses gro\u00dfartigen Abenteuers machen m\u00f6chten, k\u00f6nnen Sie auch unsere Seite: <a href=\"https:\/\/dolphinlagoon.ch\/de\/programm-und-typischer-tag\/\">Programm und typischer Tag<\/a> besuchen. <\/p>\n\n<p><\/p>\n\n<p><\/p>\n\n<p>Anmeldungen: Karin Estoppey <a href=\"https:\/\/dolphinlagoon.ch\/de\/kontaktieren-sie-uns\/\">Kontaktformular<\/a> oder info@dolphinlagoon.ch<\/p>\n","protected":false},"excerpt":{"rendered":"<p>Kreuzfahrt im Roten Meer, \u00c4gypten Geleitet und moderiert vom Dolphin Lagoon-Team &#8222;Dieses Abenteuer ist eine Begegnung mit sich selbst und mit dem inneren Gl\u00fcck, denn die Begegnung mit freien Delfinen durch eine respektvolle Ann\u00e4herung \u00f6ffnet uns die T\u00fcr zu unseren Herzen und zur essentiellen Kommunikation&#8220;Karin Estoppey Eine Gelegenheit, ein gro\u00dfartiges Abenteuer f\u00fcr sich selbst oder [&hellip;]<\/p>\n","protected":false},"author":2,"featured_media":0,"parent":31770,"menu_order":0,"comment_status":"closed","ping_status":"closed","template":"","meta":{"_monsterinsights_skip_tracking":false,"_monsterinsights_sitenote_active":false,"_monsterinsights_sitenote_note":"","_monsterinsights_sitenote_category":0,"footnotes":""},"class_list":["post-31772","page","type-page","status-publish","hentry"],"aioseo_notices":[],"_links":{"self":[{"href":"https:\/\/dolphinlagoon.ch\/de\/wp-json\/wp\/v2\/pages\/31772","targetHints":{"allow":["GET"]}}],"collection":[{"href":"https:\/\/dolphinlagoon.ch\/de\/wp-json\/wp\/v2\/pages"}],"about":[{"href":"https:\/\/dolphinlagoon.ch\/de\/wp-json\/wp\/v2\/types\/page"}],"author":[{"embeddable":true,"href":"https:\/\/dolphinlagoon.ch\/de\/wp-json\/wp\/v2\/users\/2"}],"replies":[{"embeddable":true,"href":"https:\/\/dolphinlagoon.ch\/de\/wp-json\/wp\/v2\/comments?post=31772"}],"version-history":[{"count":1,"href":"https:\/\/dolphinlagoon.ch\/de\/wp-json\/wp\/v2\/pages\/31772\/revisions"}],"predecessor-version":[{"id":31773,"href":"https:\/\/dolphinlagoon.ch\/de\/wp-json\/wp\/v2\/pages\/31772\/revisions\/31773"}],"up":[{"embeddable":true,"href":"https:\/\/dolphinlagoon.ch\/de\/wp-json\/wp\/v2\/pages\/31770"}],"wp:attachment":[{"href":"https:\/\/dolphinlagoon.ch\/de\/wp-json\/wp\/v2\/media?parent=31772"}],"curies":[{"name":"wp","href":"https:\/\/api.w.org\/{rel}","templated":true}]}}