{"id":32447,"date":"2025-12-15T10:32:12","date_gmt":"2025-12-15T09:32:12","guid":{"rendered":"https:\/\/dolphinlagoon.ch\/mit-den-wild-lebenden-delfinen-schwimmen-erfuelltes-sein-und-freude-im-wassertanzen-entdecken\/"},"modified":"2025-12-17T12:36:53","modified_gmt":"2025-12-17T11:36:53","slug":"mit-den-wild-lebenden-delfinen-schwimmen-erfuelltes-sein-und-freude-im-wassertanzen-entdecken","status":"publish","type":"page","link":"https:\/\/dolphinlagoon.ch\/de\/liste-der-termine\/mit-den-wild-lebenden-delfinen-schwimmen-erfuelltes-sein-und-freude-im-wassertanzen-entdecken\/","title":{"rendered":"Mit den wild lebenden Delfinen schwimmen, Humor und Lebenskraft entfalten und zur Selbstheilung finden"},"content":{"rendered":"\n<h2 class=\"wp-block-heading\">Kreuzfahrt im Roten Meer, moderiert von Lars Sommer und Thierry Dafflon sowie dem Team von Dolphin Lagoon.<\/h2>\n\n<p>Die Begegnungen mit den Delfinen wecken die in uns liegende Weisheit und Lebendigkeit. Diese Woche widmen wir unserem Sein, st\u00e4rken unsere inneren Kr\u00e4fte zu und uns durch heilsame Energien zu erneuern. <\/p>\n\n<p>Zum Sonnenaufgang wecken wir unsere Lebensenergien mit Bewegung, Tanz, Visualisierungen und Lach-Meditationen.<\/p>\n\n<p>Im Atelier am sp\u00e4teren Nachmittag entwickeln wir die Kraft des Lachens und des Humors, erforschen die sinnliche Kraft von Farben, \u00e4therischen \u00d6len und mentalen Energien, aktivieren damit unsere Selbstheilungskr\u00e4fte und erneuern die Verbindung zu unseren Spiritual Guides. <\/p>\n\n<h2 class=\"wp-block-heading\">Lars Sommer<\/h2>\n\n<figure class=\"wp-block-image size-full\"><img fetchpriority=\"high\" decoding=\"async\" width=\"222\" height=\"286\" src=\"https:\/\/dolphinlagoon.ch\/wp-content\/uploads\/2025\/12\/image.jpeg\" alt=\"\" class=\"wp-image-32437\"\/><\/figure>\n\n<p><strong>Erwachsenenbildner, Bewegungsschauspieler, Lebens-T\u00e4nzer, Humor-Berater<br\/>Sprachen (deutsch, franz\u00f6sisch, englisch)<br\/>www.aquaticdance.ch<\/strong><\/p>\n\n<p>Humor ist eine tragende Kraft in meinem Leben. Lange Jahre habe ich Konzepte und Projekte mitentwickelt u.a in Kolumbien mit der Fundacion Doctora Clown, um die Wirkungen des Lachens zu hospitalisierten Kindern zu bringen. Als Bewegungsschauspieler habe ich Clownerie, Pantomime, Expressive Maske und Theaterimprovisation erforscht. <br\/>Die gesunden Wirkungen des Lachens in unserem Leben zu aktivieren, ist eine Mission f\u00fcr mich. Die positive Kraft des Humors als Medizin in unserem Alltag k\u00f6nnen wir \u00fcben und st\u00e4rken. Lebensfreude ist eine Kraft, die Dankbarkeit und Verbundenheit in unser Sein bringt.     <\/p>\n\n<p>Das Schwimmen mit wild lebenden Delfinen hat zu einer tiefen Transformation in meinem Leben gef\u00fchrt. Tanz als pers\u00f6nliche und universelle Ausdrucksform begleitet mich schon seit vielen Jahren. Die Ausdruckskraft des Tanzes habe ich in vielen Formen trainiert und erforscht wie Butoh, Contact Improvisation, Freier Tanz, Contemporary Dance, M\u00e4nnertanz, Hula. Im Wassertanzen verbinden sich alle diese Formen. Die transformative Kraft des Elements Wasser f\u00fchrt zu Tiefe, Verbundenheit und Flow.<\/p>\n\n<h2 class=\"wp-block-heading\">Thierry Dafflon<\/h2>\n\n<figure class=\"wp-block-image size-full is-resized\"><img decoding=\"async\" width=\"444\" height=\"416\" src=\"https:\/\/dolphinlagoon.ch\/wp-content\/uploads\/2025\/12\/image-1.jpeg\" alt=\"\" class=\"wp-image-32440\" style=\"width:241px;height:auto\" srcset=\"https:\/\/dolphinlagoon.ch\/wp-content\/uploads\/2025\/12\/image-1.jpeg 444w, https:\/\/dolphinlagoon.ch\/wp-content\/uploads\/2025\/12\/image-1-300x281.jpeg 300w\" sizes=\"(max-width: 444px) 100vw, 444px\" \/><\/figure>\n\n<p><a href=\"http:\/\/www.spiritual-artist-medium.com\/\">www.spiritual-artist-medium.com<\/a><\/p>\n\n<p>Als Stylist und Kost\u00fcmbildner ausgebildet an der Modeschule Esmod in Paris, habe ich viele Jahre f\u00fcr Modeh\u00e4user und internationale Theater- und Tanzgruppen Kreationen und Kollektionen geschaffen. Ich liebe das Spiel mit Materialien, die opulente Inszenierung und gewagte Kost\u00fcmkreationen. Als Erwachsenenbildner gebe ich heute mit viel Enthusiasmus mein Wissen weiter. <\/p>\n\n<p>Fort d&#8217;une riche exp\u00e9rience en costumes pour le th\u00e9\u00e2tre et en stylisme de mode, je transmets aujourd&#8217;hui mon savoir-faire \u00e0 l\u2019\u00e9cole de couture et costumes de Fribourg.<\/p>\n\n<p>Seit meiner Kindheit habe ich einen Zugang zur Welt des Unsichtbaren. So bewege ich mich unbefangen zwischen den zwei Welten: der realen und geistigen. Als Erwachsener habe ich nach mehrj\u00e4hriger Ausbildung &#8211; u.a. am renommierten Arthur Findlay College in England &#8211; meine heutige T\u00e4tigkeit als Medium, Heiler und spiritueller Berater geschaffen. <\/p>\n\n<p>Heute verbinde ich Medialit\u00e4t und den k\u00fcnstlerischen Ausdruck in meiner T\u00e4tigkeit. In der medialen Kommunikation nutze ich den kreativen Ausdruck der K\u00fcnste insbesondere in der WaxArt-Technik. <\/p>\n\n<p><\/p>\n","protected":false},"excerpt":{"rendered":"<p>Kreuzfahrt im Roten Meer, moderiert von Lars Sommer und Thierry Dafflon sowie dem Team von Dolphin Lagoon. Die Begegnungen mit den Delfinen wecken die in uns liegende Weisheit und Lebendigkeit. Diese Woche widmen wir unserem Sein, st\u00e4rken unsere inneren Kr\u00e4fte zu und uns durch heilsame Energien zu erneuern. Zum Sonnenaufgang wecken wir unsere Lebensenergien mit [&hellip;]<\/p>\n","protected":false},"author":1,"featured_media":0,"parent":31770,"menu_order":0,"comment_status":"closed","ping_status":"closed","template":"","meta":{"_monsterinsights_skip_tracking":false,"_monsterinsights_sitenote_active":false,"_monsterinsights_sitenote_note":"","_monsterinsights_sitenote_category":0,"footnotes":""},"class_list":["post-32447","page","type-page","status-publish","hentry"],"aioseo_notices":[],"_links":{"self":[{"href":"https:\/\/dolphinlagoon.ch\/de\/wp-json\/wp\/v2\/pages\/32447","targetHints":{"allow":["GET"]}}],"collection":[{"href":"https:\/\/dolphinlagoon.ch\/de\/wp-json\/wp\/v2\/pages"}],"about":[{"href":"https:\/\/dolphinlagoon.ch\/de\/wp-json\/wp\/v2\/types\/page"}],"author":[{"embeddable":true,"href":"https:\/\/dolphinlagoon.ch\/de\/wp-json\/wp\/v2\/users\/1"}],"replies":[{"embeddable":true,"href":"https:\/\/dolphinlagoon.ch\/de\/wp-json\/wp\/v2\/comments?post=32447"}],"version-history":[{"count":3,"href":"https:\/\/dolphinlagoon.ch\/de\/wp-json\/wp\/v2\/pages\/32447\/revisions"}],"predecessor-version":[{"id":32471,"href":"https:\/\/dolphinlagoon.ch\/de\/wp-json\/wp\/v2\/pages\/32447\/revisions\/32471"}],"up":[{"embeddable":true,"href":"https:\/\/dolphinlagoon.ch\/de\/wp-json\/wp\/v2\/pages\/31770"}],"wp:attachment":[{"href":"https:\/\/dolphinlagoon.ch\/de\/wp-json\/wp\/v2\/media?parent=32447"}],"curies":[{"name":"wp","href":"https:\/\/api.w.org\/{rel}","templated":true}]}}